{"id":1944,"date":"2021-09-18T08:49:30","date_gmt":"2021-09-18T06:49:30","guid":{"rendered":"https:\/\/www.lasbardenas.com\/es\/?page_id=1944"},"modified":"2026-03-17T12:19:43","modified_gmt":"2026-03-17T11:19:43","slug":"informacion-para-el-viajero","status":"publish","type":"page","link":"https:\/\/www.lasbardenas.com\/en\/informacion-para-el-viajero\/","title":{"rendered":"INFORMACION VIAJERO &#8211; CUEVAS DE BARDENAS"},"content":{"rendered":"","protected":true},"excerpt":{"rendered":"","protected":true},"author":2,"featured_media":0,"parent":0,"menu_order":0,"comment_status":"closed","ping_status":"closed","template":"","meta":{"_acf_changed":false,"footnotes":""},"class_list":["post-1944","page","type-page","status-publish","post-password-required","hentry"],"acf":[],"yoast_head":"<!-- This site is optimized with the Yoast SEO plugin v27.4 - https:\/\/yoast.com\/product\/yoast-seo-wordpress\/ -->\n<title>INFORMACION VIAJERO - CUEVAS DE BARDENAS<\/title>\n<meta name=\"description\" content=\"Informaci\u00f3n de inter\u00e9s para el Hu\u00e9sped de Cuevas de Bardenas\" \/>\n<meta name=\"robots\" content=\"noindex, nofollow\" \/>\n<meta property=\"og:locale\" content=\"en_US\" \/>\n<meta property=\"og:locale:alternate\" content=\"es_ES\" \/>\n<meta property=\"og:locale:alternate\" content=\"fr_FR\" \/>\n<meta property=\"og:type\" content=\"article\" \/>\n<meta property=\"og:title\" content=\"INFORMACION VIAJERO - CUEVAS DE BARDENAS\" \/>\n<meta property=\"og:description\" content=\"Informaci\u00f3n de inter\u00e9s para el Hu\u00e9sped de Cuevas de Bardenas\" \/>\n<meta property=\"og:url\" content=\"https:\/\/www.lasbardenas.com\/en\/informacion-para-el-viajero\/\" \/>\n<meta property=\"og:site_name\" content=\"Cave Hotel Desert Bardenas Spain\" \/>\n<meta property=\"article:publisher\" content=\"https:\/\/www.facebook.com\/bardeneras\" \/>\n<meta property=\"article:modified_time\" content=\"2026-03-17T11:19:43+00:00\" \/>\n<meta name=\"twitter:card\" content=\"summary_large_image\" \/>\n<meta name=\"twitter:site\" content=\"@lasbardenas\" \/>\n<meta name=\"twitter:label1\" content=\"Est. reading time\" \/>\n\t<meta name=\"twitter:data1\" content=\"12 minutes\" \/>\n<script type=\"application\/ld+json\" class=\"yoast-schema-graph\">{\"@context\":\"https:\\\/\\\/schema.org\",\"@graph\":[{\"@type\":\"WebPage\",\"@id\":\"https:\\\/\\\/www.lasbardenas.com\\\/fr\\\/informacion-para-el-viajero\\\/\",\"url\":\"https:\\\/\\\/www.lasbardenas.com\\\/fr\\\/informacion-para-el-viajero\\\/\",\"name\":\"INFORMACION VIAJERO - CUEVAS DE BARDENAS\",\"isPartOf\":{\"@id\":\"https:\\\/\\\/www.lasbardenas.com\\\/#website\"},\"datePublished\":\"2021-09-18T06:49:30+00:00\",\"dateModified\":\"2026-03-17T11:19:43+00:00\",\"breadcrumb\":{\"@id\":\"https:\\\/\\\/www.lasbardenas.com\\\/fr\\\/informacion-para-el-viajero\\\/#breadcrumb\"},\"inLanguage\":\"en-US\"},{\"@type\":\"WebSite\",\"@id\":\"https:\\\/\\\/www.lasbardenas.com\\\/#website\",\"url\":\"https:\\\/\\\/www.lasbardenas.com\\\/\",\"name\":\"Cave Hotel Desert Bardenas Spain\",\"description\":\"Cave Hotel Spain\",\"publisher\":{\"@id\":\"https:\\\/\\\/www.lasbardenas.com\\\/#organization\"},\"potentialAction\":[{\"@type\":\"SearchAction\",\"target\":{\"@type\":\"EntryPoint\",\"urlTemplate\":\"https:\\\/\\\/www.lasbardenas.com\\\/?s={search_term_string}\"},\"query-input\":{\"@type\":\"PropertyValueSpecification\",\"valueRequired\":true,\"valueName\":\"search_term_string\"}}],\"inLanguage\":\"en-US\"},{\"@type\":\"Organization\",\"@id\":\"https:\\\/\\\/www.lasbardenas.com\\\/#organization\",\"name\":\"Cave Hotel Desert Bardenas Spain\",\"url\":\"https:\\\/\\\/www.lasbardenas.com\\\/\",\"logo\":{\"@type\":\"ImageObject\",\"inLanguage\":\"en-US\",\"@id\":\"https:\\\/\\\/www.lasbardenas.com\\\/#\\\/schema\\\/logo\\\/image\\\/\",\"url\":\"https:\\\/\\\/www.lasbardenas.com\\\/wp-content\\\/uploads\\\/cropped-cropped-ChatGPT-Image-25-mar-2026-17_53_53-1-e1774457788358.png\",\"contentUrl\":\"https:\\\/\\\/www.lasbardenas.com\\\/wp-content\\\/uploads\\\/cropped-cropped-ChatGPT-Image-25-mar-2026-17_53_53-1-e1774457788358.png\",\"width\":300,\"height\":88,\"caption\":\"Cave Hotel Desert Bardenas Spain\"},\"image\":{\"@id\":\"https:\\\/\\\/www.lasbardenas.com\\\/#\\\/schema\\\/logo\\\/image\\\/\"},\"sameAs\":[\"https:\\\/\\\/www.facebook.com\\\/bardeneras\",\"https:\\\/\\\/x.com\\\/lasbardenas\",\"https:\\\/\\\/www.instagram.com\\\/cuevasruralesbardenas\"]}]}<\/script>\n<!-- \/ Yoast SEO plugin. -->","yoast_head_json":{"title":"INFORMACION VIAJERO - CUEVAS DE BARDENAS","description":"Informaci\u00f3n de inter\u00e9s para el Hu\u00e9sped de Cuevas de Bardenas","robots":{"index":"noindex","follow":"nofollow"},"og_locale":"en_US","og_type":"article","og_title":"[:es]INFORMACION VIAJERO - CUEVAS DE BARDENAS[:]","og_description":"[:es]Informaci\u00f3n de inter\u00e9s para el Hu\u00e9sped de Cuevas de Bardenas[:]","og_url":"https:\/\/www.lasbardenas.com\/en\/informacion-para-el-viajero\/","og_site_name":"Cave Hotel Desert Bardenas Spain","article_publisher":"https:\/\/www.facebook.com\/bardeneras","article_modified_time":"2026-03-17T11:19:43+00:00","twitter_card":"summary_large_image","twitter_site":"@lasbardenas","twitter_misc":{"Est. reading time":"12 minutes"},"schema":{"@context":"https:\/\/schema.org","@graph":[{"@type":"WebPage","@id":"https:\/\/www.lasbardenas.com\/fr\/informacion-para-el-viajero\/","url":"https:\/\/www.lasbardenas.com\/fr\/informacion-para-el-viajero\/","name":"INFORMACION VIAJERO - CUEVAS DE BARDENAS","isPartOf":{"@id":"https:\/\/www.lasbardenas.com\/#website"},"datePublished":"2021-09-18T06:49:30+00:00","dateModified":"2026-03-17T11:19:43+00:00","breadcrumb":{"@id":"https:\/\/www.lasbardenas.com\/fr\/informacion-para-el-viajero\/#breadcrumb"},"inLanguage":"en-US"},{"@type":"WebSite","@id":"https:\/\/www.lasbardenas.com\/#website","url":"https:\/\/www.lasbardenas.com\/","name":"Cave Hotel Desert Bardenas Spain","description":"Cave Hotel Spain","publisher":{"@id":"https:\/\/www.lasbardenas.com\/#organization"},"potentialAction":[{"@type":"SearchAction","target":{"@type":"EntryPoint","urlTemplate":"https:\/\/www.lasbardenas.com\/?s={search_term_string}"},"query-input":{"@type":"PropertyValueSpecification","valueRequired":true,"valueName":"search_term_string"}}],"inLanguage":"en-US"},{"@type":"Organization","@id":"https:\/\/www.lasbardenas.com\/#organization","name":"Cave Hotel Desert Bardenas Spain","url":"https:\/\/www.lasbardenas.com\/","logo":{"@type":"ImageObject","inLanguage":"en-US","@id":"https:\/\/www.lasbardenas.com\/#\/schema\/logo\/image\/","url":"https:\/\/www.lasbardenas.com\/wp-content\/uploads\/cropped-cropped-ChatGPT-Image-25-mar-2026-17_53_53-1-e1774457788358.png","contentUrl":"https:\/\/www.lasbardenas.com\/wp-content\/uploads\/cropped-cropped-ChatGPT-Image-25-mar-2026-17_53_53-1-e1774457788358.png","width":300,"height":88,"caption":"Cave Hotel Desert Bardenas Spain"},"image":{"@id":"https:\/\/www.lasbardenas.com\/#\/schema\/logo\/image\/"},"sameAs":["https:\/\/www.facebook.com\/bardeneras","https:\/\/x.com\/lasbardenas","https:\/\/www.instagram.com\/cuevasruralesbardenas"]}]}},"_links":{"self":[{"href":"https:\/\/www.lasbardenas.com\/en\/wp-json\/wp\/v2\/pages\/1944","targetHints":{"allow":["GET"]}}],"collection":[{"href":"https:\/\/www.lasbardenas.com\/en\/wp-json\/wp\/v2\/pages"}],"about":[{"href":"https:\/\/www.lasbardenas.com\/en\/wp-json\/wp\/v2\/types\/page"}],"author":[{"embeddable":true,"href":"https:\/\/www.lasbardenas.com\/en\/wp-json\/wp\/v2\/users\/2"}],"replies":[{"embeddable":true,"href":"https:\/\/www.lasbardenas.com\/en\/wp-json\/wp\/v2\/comments?post=1944"}],"version-history":[{"count":29,"href":"https:\/\/www.lasbardenas.com\/en\/wp-json\/wp\/v2\/pages\/1944\/revisions"}],"predecessor-version":[{"id":3957,"href":"https:\/\/www.lasbardenas.com\/en\/wp-json\/wp\/v2\/pages\/1944\/revisions\/3957"}],"wp:attachment":[{"href":"https:\/\/www.lasbardenas.com\/en\/wp-json\/wp\/v2\/media?parent=1944"}],"curies":[{"name":"wp","href":"https:\/\/api.w.org\/{rel}","templated":true}]}}