{"id":112,"date":"2018-02-28T12:16:56","date_gmt":"2018-02-28T11:16:56","guid":{"rendered":"http:\/\/localhost\/lasbardenas\/web\/es\/?page_id=112"},"modified":"2026-03-24T13:24:31","modified_gmt":"2026-03-24T12:24:31","slug":"cueva-el-alcaravan","status":"publish","type":"page","link":"https:\/\/www.lasbardenas.com\/es\/alojamiento-bardenas\/cueva-el-alcaravan\/","title":{"rendered":"Cueva Junior Suite Alcarav\u00e1n"},"content":{"rendered":"<h3 data-start=\"50\" data-end=\"106\"><strong data-start=\"54\" data-end=\"104\">Cueva Alcarav\u00e1n: aventura y vistas panor\u00e1micas<\/strong><\/h3>\n<p data-start=\"108\" data-end=\"473\">La <strong data-start=\"111\" data-end=\"130\">Cueva Alcarav\u00e1n<\/strong> ofrece una experiencia \u00fanica que encantar\u00e1 a los m\u00e1s peque\u00f1os, quienes podr\u00e1n explorar su <strong data-start=\"221\" data-end=\"241\">pasadizo secreto<\/strong>, como si se adentraran en un aut\u00e9ntico laberinto subterr\u00e1neo. Mientras tanto, los adultos podr\u00e1n relajarse y disfrutar de <strong data-start=\"364\" data-end=\"394\">espectaculares atardeceres<\/strong>, gracias a su excelente orientaci\u00f3n y sus impresionantes vistas panor\u00e1micas.<\/p>\n<h3 data-start=\"475\" data-end=\"512\"><strong data-start=\"479\" data-end=\"510\">Distribuci\u00f3n y equipamiento<\/strong><\/h3>\n<p data-start=\"513\" data-end=\"848\">\u2714 <strong data-start=\"515\" data-end=\"529\">Capacidad:<\/strong> 4 personas<br data-start=\"586\" data-end=\"589\" \/>\u2714 <strong data-start=\"591\" data-end=\"625\">Terraza de 200 m\u00b2 con barbacoa<\/strong>, ideal para disfrutar de largas tardes al sol<br data-start=\"671\" data-end=\"674\" \/>\u2714 <strong data-start=\"676\" data-end=\"706\">Cocina totalmente equipada<\/strong>, con todo lo necesario<br data-start=\"729\" data-end=\"732\" \/>\u2714 <strong data-start=\"734\" data-end=\"764\">Dos dormitorios acogedores<\/strong><br data-start=\"764\" data-end=\"767\" \/>\u2714 <strong data-start=\"769\" data-end=\"788\">Sal\u00f3n espacioso<\/strong>, perfecto para descansar<br data-start=\"813\" data-end=\"816\" \/>\u2714 <strong data-start=\"818\" data-end=\"846\">Ba\u00f1o moderno y funcional<\/strong><\/p>\n<p data-start=\"850\" data-end=\"1050\">\u00a0<strong data-start=\"1036\" data-end=\"1047\">reserva<\/strong>.<\/p>\n<p>&nbsp;<\/p>\n","protected":false},"excerpt":{"rendered":"<p>Cueva Alcarav\u00e1n: aventura y vistas panor\u00e1micas La Cueva Alcarav\u00e1n ofrece una experiencia \u00fanica que encantar\u00e1 a los m\u00e1s peque\u00f1os, quienes podr\u00e1n explorar su pasadizo secreto, como si se adentraran en un aut\u00e9ntico laberinto subterr\u00e1neo. Mientras tanto, los adultos podr\u00e1n relajarse y disfrutar de espectaculares atardeceres, gracias a su excelente orientaci\u00f3n y sus impresionantes vistas panor\u00e1micas. [&hellip;]<\/p>\n","protected":false},"author":1,"featured_media":1250,"parent":74,"menu_order":0,"comment_status":"closed","ping_status":"closed","template":"page-templates\/template-cuevas.php","meta":{"_acf_changed":false,"footnotes":""},"class_list":["post-112","page","type-page","status-publish","has-post-thumbnail","hentry"],"acf":[],"yoast_head":"<!-- This site is optimized with the Yoast SEO plugin v27.3 - https:\/\/yoast.com\/product\/yoast-seo-wordpress\/ -->\n<title>Cueva Rural Junior Suite El Alcarav\u00e1n, Senda viva, Bardenas Reales<\/title>\n<meta name=\"description\" content=\"Alcarav\u00e1n es ideal si est\u00e1s buscando una Casa Rural Cueva para visitar Senda viva o Bardenas de Navarra, ideal para familias y parejas.\" \/>\n<meta name=\"robots\" content=\"index, follow, max-snippet:-1, max-image-preview:large, max-video-preview:-1\" \/>\n<link rel=\"canonical\" href=\"https:\/\/www.lasbardenas.com\/es\/wp-json\/wp\/v2\/pages\/112\" \/>\n<meta property=\"og:locale\" content=\"es_ES\" \/>\n<meta property=\"og:locale:alternate\" content=\"en_US\" \/>\n<meta property=\"og:locale:alternate\" content=\"fr_FR\" \/>\n<meta property=\"og:type\" content=\"article\" \/>\n<meta property=\"og:title\" content=\"Cueva Rural Junior Suite El Alcarav\u00e1n, Senda viva, Bardenas Reales\" \/>\n<meta property=\"og:description\" content=\"Alcarav\u00e1n es ideal si est\u00e1s buscando una Casa Rural Cueva para visitar Senda viva o Bardenas de Navarra, ideal para familias y parejas.\" \/>\n<meta property=\"og:url\" content=\"https:\/\/www.lasbardenas.com\/es\/alojamiento-bardenas\/cueva-el-alcaravan\/\" \/>\n<meta property=\"og:site_name\" content=\"Cuevas de Bardenas - Casas Cueva en Navarra\" \/>\n<meta property=\"article:publisher\" content=\"https:\/\/www.facebook.com\/bardeneras\" \/>\n<meta property=\"article:modified_time\" content=\"2026-03-24T12:24:31+00:00\" \/>\n<meta property=\"og:image\" content=\"https:\/\/www.lasbardenas.com\/wp-content\/uploads\/e5ce4f86-75e7-4cb6-b703-40b975cab435.jpg\" \/>\n\t<meta property=\"og:image:width\" content=\"480\" \/>\n\t<meta property=\"og:image:height\" content=\"640\" \/>\n\t<meta property=\"og:image:type\" content=\"image\/jpeg\" \/>\n<meta name=\"twitter:card\" content=\"summary_large_image\" \/>\n<meta name=\"twitter:site\" content=\"@lasbardenas\" \/>\n<meta name=\"twitter:label1\" content=\"Tiempo de lectura\" \/>\n\t<meta name=\"twitter:data1\" content=\"1 minuto\" \/>\n<script type=\"application\/ld+json\" class=\"yoast-schema-graph\">{\"@context\":\"https:\\\/\\\/schema.org\",\"@graph\":[{\"@type\":\"WebPage\",\"@id\":\"https:\\\/\\\/www.lasbardenas.com\\\/es\\\/alojamiento-bardenas\\\/cueva-el-alcaravan\\\/\",\"url\":\"https:\\\/\\\/www.lasbardenas.com\\\/es\\\/alojamiento-bardenas\\\/cueva-el-alcaravan\\\/\",\"name\":\"Cueva Rural Junior Suite El Alcarav\u00e1n, Senda viva, Bardenas Reales\",\"isPartOf\":{\"@id\":\"https:\\\/\\\/www.lasbardenas.com\\\/#website\"},\"primaryImageOfPage\":{\"@id\":\"https:\\\/\\\/www.lasbardenas.com\\\/es\\\/alojamiento-bardenas\\\/cueva-el-alcaravan\\\/#primaryimage\"},\"image\":{\"@id\":\"https:\\\/\\\/www.lasbardenas.com\\\/es\\\/alojamiento-bardenas\\\/cueva-el-alcaravan\\\/#primaryimage\"},\"thumbnailUrl\":\"https:\\\/\\\/www.lasbardenas.com\\\/wp-content\\\/uploads\\\/resized_2018_01-Exterior-cuevas-de-Valtierra-55.jpg\",\"datePublished\":\"2018-02-28T11:16:56+00:00\",\"dateModified\":\"2026-03-24T12:24:31+00:00\",\"description\":\"Alcarav\u00e1n es ideal si est\u00e1s buscando una Casa Rural Cueva para visitar Senda viva o Bardenas de Navarra, ideal para familias y parejas.\",\"breadcrumb\":{\"@id\":\"https:\\\/\\\/www.lasbardenas.com\\\/es\\\/alojamiento-bardenas\\\/cueva-el-alcaravan\\\/#breadcrumb\"},\"inLanguage\":\"es-ES\",\"potentialAction\":[{\"@type\":\"ReadAction\",\"target\":[\"https:\\\/\\\/www.lasbardenas.com\\\/es\\\/alojamiento-bardenas\\\/cueva-el-alcaravan\\\/\"]}]},{\"@type\":\"ImageObject\",\"inLanguage\":\"es-ES\",\"@id\":\"https:\\\/\\\/www.lasbardenas.com\\\/es\\\/alojamiento-bardenas\\\/cueva-el-alcaravan\\\/#primaryimage\",\"url\":\"https:\\\/\\\/www.lasbardenas.com\\\/wp-content\\\/uploads\\\/resized_2018_01-Exterior-cuevas-de-Valtierra-55.jpg\",\"contentUrl\":\"https:\\\/\\\/www.lasbardenas.com\\\/wp-content\\\/uploads\\\/resized_2018_01-Exterior-cuevas-de-Valtierra-55.jpg\",\"width\":1980,\"height\":1320},{\"@type\":\"BreadcrumbList\",\"@id\":\"https:\\\/\\\/www.lasbardenas.com\\\/es\\\/alojamiento-bardenas\\\/cueva-el-alcaravan\\\/#breadcrumb\",\"itemListElement\":[{\"@type\":\"ListItem\",\"position\":1,\"name\":\"Inicio\",\"item\":\"https:\\\/\\\/www.lasbardenas.com\\\/es\\\/\"},{\"@type\":\"ListItem\",\"position\":2,\"name\":\"Cuevas de Bardenas\",\"item\":\"https:\\\/\\\/www.lasbardenas.com\\\/es\\\/alojamiento-bardenas\\\/\"},{\"@type\":\"ListItem\",\"position\":3,\"name\":\"Cueva Junior Suite Alcarav\u00e1n\"}]},{\"@type\":\"WebSite\",\"@id\":\"https:\\\/\\\/www.lasbardenas.com\\\/#website\",\"url\":\"https:\\\/\\\/www.lasbardenas.com\\\/\",\"name\":\"Cuevas de Bardenas - Casas Cueva en Navarra\",\"description\":\"Cuevas de Bardenas\",\"publisher\":{\"@id\":\"https:\\\/\\\/www.lasbardenas.com\\\/#organization\"},\"potentialAction\":[{\"@type\":\"SearchAction\",\"target\":{\"@type\":\"EntryPoint\",\"urlTemplate\":\"https:\\\/\\\/www.lasbardenas.com\\\/?s={search_term_string}\"},\"query-input\":{\"@type\":\"PropertyValueSpecification\",\"valueRequired\":true,\"valueName\":\"search_term_string\"}}],\"inLanguage\":\"es-ES\"},{\"@type\":\"Organization\",\"@id\":\"https:\\\/\\\/www.lasbardenas.com\\\/#organization\",\"name\":\"Cuevas de Bardenas - Casas Cueva en Navarra\",\"url\":\"https:\\\/\\\/www.lasbardenas.com\\\/\",\"logo\":{\"@type\":\"ImageObject\",\"inLanguage\":\"es-ES\",\"@id\":\"https:\\\/\\\/www.lasbardenas.com\\\/#\\\/schema\\\/logo\\\/image\\\/\",\"url\":\"https:\\\/\\\/www.lasbardenas.com\\\/wp-content\\\/uploads\\\/cropped-cropped-ChatGPT-Image-25-mar-2026-17_53_53-1-e1774457788358.png\",\"contentUrl\":\"https:\\\/\\\/www.lasbardenas.com\\\/wp-content\\\/uploads\\\/cropped-cropped-ChatGPT-Image-25-mar-2026-17_53_53-1-e1774457788358.png\",\"width\":300,\"height\":88,\"caption\":\"Cuevas de Bardenas - Casas Cueva en Navarra\"},\"image\":{\"@id\":\"https:\\\/\\\/www.lasbardenas.com\\\/#\\\/schema\\\/logo\\\/image\\\/\"},\"sameAs\":[\"https:\\\/\\\/www.facebook.com\\\/bardeneras\",\"https:\\\/\\\/x.com\\\/lasbardenas\",\"https:\\\/\\\/www.instagram.com\\\/cuevasruralesbardenas\"]}]}<\/script>\n<!-- \/ Yoast SEO plugin. -->","yoast_head_json":{"title":"Cueva Rural Junior Suite El Alcarav\u00e1n, Senda viva, Bardenas Reales","description":"Alcarav\u00e1n es ideal si est\u00e1s buscando una Casa Rural Cueva para visitar Senda viva o Bardenas de Navarra, ideal para familias y parejas.","robots":{"index":"index","follow":"follow","max-snippet":"max-snippet:-1","max-image-preview":"max-image-preview:large","max-video-preview":"max-video-preview:-1"},"canonical":"https:\/\/www.lasbardenas.com\/es\/wp-json\/wp\/v2\/pages\/112","og_locale":"es_ES","og_type":"article","og_title":"[:es]Cueva Rural Junior Suite El Alcarav\u00e1n, Senda viva, Bardenas Reales[:]","og_description":"[:es]Alcarav\u00e1n es ideal si est\u00e1s buscando una Casa Rural Cueva para visitar Senda viva o Bardenas de Navarra, ideal para familias y parejas.[:]","og_url":"https:\/\/www.lasbardenas.com\/es\/alojamiento-bardenas\/cueva-el-alcaravan\/","og_site_name":"Cuevas de Bardenas - Casas Cueva en Navarra","article_publisher":"https:\/\/www.facebook.com\/bardeneras","article_modified_time":"2026-03-24T12:24:31+00:00","og_image":[{"width":480,"height":640,"url":"https:\/\/www.lasbardenas.com\/wp-content\/uploads\/e5ce4f86-75e7-4cb6-b703-40b975cab435.jpg","type":"image\/jpeg"}],"twitter_card":"summary_large_image","twitter_site":"@lasbardenas","twitter_misc":{"Tiempo de lectura":"1 minuto"},"schema":{"@context":"https:\/\/schema.org","@graph":[{"@type":"WebPage","@id":"https:\/\/www.lasbardenas.com\/es\/alojamiento-bardenas\/cueva-el-alcaravan\/","url":"https:\/\/www.lasbardenas.com\/es\/alojamiento-bardenas\/cueva-el-alcaravan\/","name":"Cueva Rural Junior Suite El Alcarav\u00e1n, Senda viva, Bardenas Reales","isPartOf":{"@id":"https:\/\/www.lasbardenas.com\/#website"},"primaryImageOfPage":{"@id":"https:\/\/www.lasbardenas.com\/es\/alojamiento-bardenas\/cueva-el-alcaravan\/#primaryimage"},"image":{"@id":"https:\/\/www.lasbardenas.com\/es\/alojamiento-bardenas\/cueva-el-alcaravan\/#primaryimage"},"thumbnailUrl":"https:\/\/www.lasbardenas.com\/wp-content\/uploads\/resized_2018_01-Exterior-cuevas-de-Valtierra-55.jpg","datePublished":"2018-02-28T11:16:56+00:00","dateModified":"2026-03-24T12:24:31+00:00","description":"Alcarav\u00e1n es ideal si est\u00e1s buscando una Casa Rural Cueva para visitar Senda viva o Bardenas de Navarra, ideal para familias y parejas.","breadcrumb":{"@id":"https:\/\/www.lasbardenas.com\/es\/alojamiento-bardenas\/cueva-el-alcaravan\/#breadcrumb"},"inLanguage":"es-ES","potentialAction":[{"@type":"ReadAction","target":["https:\/\/www.lasbardenas.com\/es\/alojamiento-bardenas\/cueva-el-alcaravan\/"]}]},{"@type":"ImageObject","inLanguage":"es-ES","@id":"https:\/\/www.lasbardenas.com\/es\/alojamiento-bardenas\/cueva-el-alcaravan\/#primaryimage","url":"https:\/\/www.lasbardenas.com\/wp-content\/uploads\/resized_2018_01-Exterior-cuevas-de-Valtierra-55.jpg","contentUrl":"https:\/\/www.lasbardenas.com\/wp-content\/uploads\/resized_2018_01-Exterior-cuevas-de-Valtierra-55.jpg","width":1980,"height":1320},{"@type":"BreadcrumbList","@id":"https:\/\/www.lasbardenas.com\/es\/alojamiento-bardenas\/cueva-el-alcaravan\/#breadcrumb","itemListElement":[{"@type":"ListItem","position":1,"name":"Inicio","item":"https:\/\/www.lasbardenas.com\/es\/"},{"@type":"ListItem","position":2,"name":"Cuevas de Bardenas","item":"https:\/\/www.lasbardenas.com\/es\/alojamiento-bardenas\/"},{"@type":"ListItem","position":3,"name":"Cueva Junior Suite Alcarav\u00e1n"}]},{"@type":"WebSite","@id":"https:\/\/www.lasbardenas.com\/#website","url":"https:\/\/www.lasbardenas.com\/","name":"Cuevas de Bardenas - Casas Cueva en Navarra","description":"Cuevas de Bardenas","publisher":{"@id":"https:\/\/www.lasbardenas.com\/#organization"},"potentialAction":[{"@type":"SearchAction","target":{"@type":"EntryPoint","urlTemplate":"https:\/\/www.lasbardenas.com\/?s={search_term_string}"},"query-input":{"@type":"PropertyValueSpecification","valueRequired":true,"valueName":"search_term_string"}}],"inLanguage":"es-ES"},{"@type":"Organization","@id":"https:\/\/www.lasbardenas.com\/#organization","name":"Cuevas de Bardenas - Casas Cueva en Navarra","url":"https:\/\/www.lasbardenas.com\/","logo":{"@type":"ImageObject","inLanguage":"es-ES","@id":"https:\/\/www.lasbardenas.com\/#\/schema\/logo\/image\/","url":"https:\/\/www.lasbardenas.com\/wp-content\/uploads\/cropped-cropped-ChatGPT-Image-25-mar-2026-17_53_53-1-e1774457788358.png","contentUrl":"https:\/\/www.lasbardenas.com\/wp-content\/uploads\/cropped-cropped-ChatGPT-Image-25-mar-2026-17_53_53-1-e1774457788358.png","width":300,"height":88,"caption":"Cuevas de Bardenas - Casas Cueva en Navarra"},"image":{"@id":"https:\/\/www.lasbardenas.com\/#\/schema\/logo\/image\/"},"sameAs":["https:\/\/www.facebook.com\/bardeneras","https:\/\/x.com\/lasbardenas","https:\/\/www.instagram.com\/cuevasruralesbardenas"]}]}},"_links":{"self":[{"href":"https:\/\/www.lasbardenas.com\/es\/wp-json\/wp\/v2\/pages\/112","targetHints":{"allow":["GET"]}}],"collection":[{"href":"https:\/\/www.lasbardenas.com\/es\/wp-json\/wp\/v2\/pages"}],"about":[{"href":"https:\/\/www.lasbardenas.com\/es\/wp-json\/wp\/v2\/types\/page"}],"author":[{"embeddable":true,"href":"https:\/\/www.lasbardenas.com\/es\/wp-json\/wp\/v2\/users\/1"}],"replies":[{"embeddable":true,"href":"https:\/\/www.lasbardenas.com\/es\/wp-json\/wp\/v2\/comments?post=112"}],"version-history":[{"count":5,"href":"https:\/\/www.lasbardenas.com\/es\/wp-json\/wp\/v2\/pages\/112\/revisions"}],"predecessor-version":[{"id":3889,"href":"https:\/\/www.lasbardenas.com\/es\/wp-json\/wp\/v2\/pages\/112\/revisions\/3889"}],"up":[{"embeddable":true,"href":"https:\/\/www.lasbardenas.com\/es\/wp-json\/wp\/v2\/pages\/74"}],"wp:featuredmedia":[{"embeddable":true,"href":"https:\/\/www.lasbardenas.com\/es\/wp-json\/wp\/v2\/media\/1250"}],"wp:attachment":[{"href":"https:\/\/www.lasbardenas.com\/es\/wp-json\/wp\/v2\/media?parent=112"}],"curies":[{"name":"wp","href":"https:\/\/api.w.org\/{rel}","templated":true}]}}