{"id":193,"date":"2018-03-07T18:32:46","date_gmt":"2018-03-07T17:32:46","guid":{"rendered":"http:\/\/www.exeacomunicacion.com\/bardenas\/es\/?page_id=193"},"modified":"2023-04-17T16:27:52","modified_gmt":"2023-04-17T14:27:52","slug":"alojamiento-para-senda-viva","status":"publish","type":"page","link":"https:\/\/www.lasbardenas.com\/es\/tu-plan\/alojamiento-para-senda-viva\/","title":{"rendered":"\u00bfVIAJAS CON NI\u00d1OS?"},"content":{"rendered":"<h2><\/h2>\n<div class=\"plan\">\n<div class=\"row \">\n<div class=\"col-12 col-lg-4\"><img fetchpriority=\"high\" decoding=\"async\" class=\"alignnone size-medium wp-image-3296\" src=\"https:\/\/www.lasbardenas.com\/wp-content\/uploads\/mascotas-1-558x372.jpg\" alt=\"\" width=\"558\" height=\"372\" srcset=\"https:\/\/www.lasbardenas.com\/wp-content\/uploads\/mascotas-1-558x372.jpg 558w, https:\/\/www.lasbardenas.com\/wp-content\/uploads\/mascotas-1-720x480.jpg 720w, https:\/\/www.lasbardenas.com\/wp-content\/uploads\/mascotas-1-480x320.jpg 480w, https:\/\/www.lasbardenas.com\/wp-content\/uploads\/mascotas-1-768x512.jpg 768w, https:\/\/www.lasbardenas.com\/wp-content\/uploads\/mascotas-1-1536x1024.jpg 1536w, https:\/\/www.lasbardenas.com\/wp-content\/uploads\/mascotas-1.jpg 2048w\" sizes=\"(max-width: 558px) 100vw, 558px\" \/><\/div>\n<div class=\"col-12 col-lg-8\">\n<div class=\"inner\">\n<h3>SENDA VIVA<\/h3>\n<p>Situado en plenas Bardenas Reales, ofrece mas de treinta atracciones de aventura para toda la familia, ademas es una oportunidad \u00fanica para conocer de cerca las mas de 200 especies de animales que aqu\u00ed habitan<\/p>\n<div class=\"masinfo\"><a class=\"btn-mini\" title=\"Alojamiento para el parque de atracciones Senda Viva\" href=\"https:\/\/www.lasbardenas.com\/es\/entorno\/parque-senda-viva\/\">Mas information<\/a><a class=\"btn-mini\" title=\"Web del Parque de la naturaleza SendaViva\" href=\"http:\/\/www.sendaviva.com\" target=\"_blank\" rel=\"noopener\">Web SendaViva<\/a><\/div>\n<\/div>\n<\/div>\n<\/div>\n<\/div>\n<div class=\"plan\">\n<div class=\"row \">\n<div class=\"col-12 col-lg-4\"><img decoding=\"async\" title=\"Parque Barranco perdido en La Rioja\" src=\"\/wp-content\/uploads\/planes\/parque-dinosaurios-barranco-perdido.jpg\" alt=\"Museo de los dinosaurios barranco perdido\" \/><\/div>\n<div class=\"col-12 col-lg-8\">\n<div class=\"inner\">\n<h3>BARRANCO PERDIDO<\/h3>\n<p>El Parque Paleontol\u00f3gico de La Rioja, se encuentra a tan solo 55 minutos de Bardeneras.<br \/>\nDisfruta con tus hijos de una piscina del Cret\u00e1cico, visita el museo de los dinosaurios, descubre las huellas de los dinosaurios, divi\u00e9rtete en el circuito de aventuras.<\/p>\n<div class=\"masinfo\"><a class=\"btn-mini\" title=\"Parque de los dinosaurios Barranco perdido\" href=\"http:\/\/www.barrancoperdido.com\/\" rel=\"nofollow\">Web Barranco Perdido<\/a><\/div>\n<\/div>\n<\/div>\n<\/div>\n<\/div>\n<div class=\"plan\">\n<div class=\"row \">\n<div class=\"col-12 col-lg-4\"><img decoding=\"async\" title=\"Castillo medieval de Olite\" src=\"\/wp-content\/uploads\/planes\/castillo-de-olite.jpg\" alt=\"Castillo medieval de Olite\" \/><\/div>\n<div class=\"col-12 col-lg-8\">\n<div class=\"inner\">\n<h3>EL CASTILLO DE OLITE<\/h3>\n<p>\u00bfA qu\u00e9 ni\u00f1o no le gusta un castillo para vivir aventuras de principies y princesas? no puedes perderte uno de los palacios mas impresionantes que se pueden ver en Espa\u00f1a, que te trasladaran a otra \u00e9poca, a aquella en la que estaba habitado por los reyes del reino de navarra.<\/p>\n<div class=\"masinfo\">\n<p><a class=\"btn-mini\" title=\"Palacio Real de Olite, Gobierno de Navarra\" href=\"http:\/\/www.turismo.navarra.es\/esp\/organice-viaje\/recurso\/Patrimonio\/3153\/Palacio-Real-de-Olite.htm\" rel=\"nofollow\">Castillo de Olite<\/a><\/p>\n<\/div>\n<\/div>\n<\/div>\n<\/div>\n<\/div>\n<div class=\"plan\">\n<div class=\"row \">\n<div class=\"col-12 col-lg-4\"><img decoding=\"async\" title=\"Rutas por Navarra, Bardenas\" src=\"\/wp-content\/uploads\/planes\/paseo-por-bardenas-de-navarra.jpg\" alt=\"Paseo por Bardenas de Navarra\" \/><\/div>\n<div class=\"col-12 col-lg-8\">\n<div class=\"inner\">\n<h3>BARDENAS CON NI\u00d1OS<\/h3>\n<p>La ubicaci\u00f3n de nuestro complejo, a 5 minutos de Bardenas, te permitir\u00e1 apreciar el desierto m\u00e1s espectacular de Europa. A pie, en bici,\u2026 Los ni\u00f1os se lo pasan en grande imagin\u00e1ndose en la Luna.<\/p>\n<\/div>\n<\/div>\n<\/div>\n<div class=\"plan\">\n<div class=\"row \">\n<div class=\"col-12 col-lg-8\">\n<div class=\"inner\">\n<div class=\"masinfo\"><\/div>\n<\/div>\n<\/div>\n<\/div>\n<\/div>\n<div class=\"plan\">\n<div class=\"row \">\n<div class=\"col-12 col-lg-4\"><img decoding=\"async\" class=\"alignnone size-medium wp-image-2404\" src=\"https:\/\/www.lasbardenas.com\/wp-content\/uploads\/compartir-709x372.jpg\" alt=\"\" width=\"709\" height=\"372\" srcset=\"https:\/\/www.lasbardenas.com\/wp-content\/uploads\/compartir-709x372.jpg 709w, https:\/\/www.lasbardenas.com\/wp-content\/uploads\/compartir-914x480.jpg 914w, https:\/\/www.lasbardenas.com\/wp-content\/uploads\/compartir-520x273.jpg 520w, https:\/\/www.lasbardenas.com\/wp-content\/uploads\/compartir-768x403.jpg 768w, https:\/\/www.lasbardenas.com\/wp-content\/uploads\/compartir.jpg 1200w\" sizes=\"(max-width: 709px) 100vw, 709px\" \/><\/div>\n<div class=\"col-12 col-lg-8\">\n<div class=\"inner\">\n<h3>TERRITORIO DE RAPACES<\/h3>\n<p>La Fundaci\u00f3n Tierra Rapaz se encarga del cuidado de las aves que se encuentran totalmente irrecuperables para la fauna silvestre debido a lesiones de extrema gravedad. Los bi\u00f3logos del parque son los encargados de administrar los cuidados, la medicaci\u00f3n y el buen manejo para ofrecerles una vida digna y lo m\u00e1s ajustada posible a sus requerimientos biol\u00f3gicos.<\/p>\n<\/div>\n<\/div>\n<\/div>\n<\/div>\n<div class=\"plan\">\n<div class=\"row \">\n<div class=\"col-12 col-lg-8\">\n<div class=\"inner\">\n<div class=\"masinfo\"><\/div>\n<\/div>\n<\/div>\n<\/div>\n<\/div>\n<\/div>\n","protected":false},"excerpt":{"rendered":"<p>SENDA VIVA Situado en plenas Bardenas Reales, ofrece mas de treinta atracciones de aventura para toda la familia, ademas es una oportunidad \u00fanica para conocer de cerca las mas de 200 especies de animales que aqu\u00ed habitan Mas informationWeb SendaViva BARRANCO PERDIDO El Parque Paleontol\u00f3gico de La Rioja, se encuentra a tan solo 55 minutos [&hellip;]<\/p>\n","protected":false},"author":1,"featured_media":2402,"parent":188,"menu_order":0,"comment_status":"closed","ping_status":"closed","template":"page-templates\/page-inicio.php","meta":{"_acf_changed":false,"footnotes":""},"class_list":["post-193","page","type-page","status-publish","has-post-thumbnail","hentry"],"acf":[],"yoast_head":"<!-- This site is optimized with the Yoast SEO plugin v27.6 - https:\/\/yoast.com\/product\/yoast-seo-wordpress\/ -->\n<title>\u00bfViajas con ni\u00f1os? hotel Sendaviva en Bardenas de Navarra<\/title>\n<meta name=\"description\" content=\"Las Bardenas de Navarra ofrecen muchas actividades si viajas con ni\u00f1os, en nuestro hotel podr\u00e1s pasar unos d\u00edas en Sendaviva (a 3 km).\" \/>\n<meta name=\"robots\" content=\"index, follow, max-snippet:-1, max-image-preview:large, max-video-preview:-1\" \/>\n<link rel=\"canonical\" href=\"https:\/\/www.lasbardenas.com\/es\/wp-json\/wp\/v2\/pages\/193\" \/>\n<meta property=\"og:locale\" content=\"es_ES\" \/>\n<meta property=\"og:locale:alternate\" content=\"en_US\" \/>\n<meta property=\"og:locale:alternate\" content=\"fr_FR\" \/>\n<meta property=\"og:type\" content=\"article\" \/>\n<meta property=\"og:title\" content=\"\u00bfViajas con ni\u00f1os? hotel Sendaviva en Bardenas de Navarra\" \/>\n<meta property=\"og:description\" content=\"Las Bardenas de Navarra ofrecen muchas actividades si viajas con ni\u00f1os, en nuestro hotel podr\u00e1s pasar unos d\u00edas en Sendaviva (a 3 km).\" \/>\n<meta property=\"og:url\" content=\"https:\/\/www.lasbardenas.com\/es\/tu-plan\/alojamiento-para-senda-viva\/\" \/>\n<meta property=\"og:site_name\" content=\"Cuevas de Bardenas - Casas Cueva en Navarra\" \/>\n<meta property=\"article:publisher\" content=\"https:\/\/www.facebook.com\/bardeneras\" \/>\n<meta property=\"article:modified_time\" content=\"2023-04-17T14:27:52+00:00\" \/>\n<meta property=\"og:image\" content=\"https:\/\/www.lasbardenas.com\/wp-content\/uploads\/sendaviva-recinto-2.jpg\" \/>\n\t<meta property=\"og:image:width\" content=\"900\" \/>\n\t<meta property=\"og:image:height\" content=\"541\" \/>\n\t<meta property=\"og:image:type\" content=\"image\/jpeg\" \/>\n<meta name=\"twitter:card\" content=\"summary_large_image\" \/>\n<meta name=\"twitter:site\" content=\"@lasbardenas\" \/>\n<meta name=\"twitter:label1\" content=\"Tiempo de lectura\" \/>\n\t<meta name=\"twitter:data1\" content=\"3 minutos\" \/>\n<script type=\"application\/ld+json\" class=\"yoast-schema-graph\">{\"@context\":\"https:\\\/\\\/schema.org\",\"@graph\":[{\"@type\":\"WebPage\",\"@id\":\"https:\\\/\\\/www.lasbardenas.com\\\/es\\\/tu-plan\\\/alojamiento-para-senda-viva\\\/\",\"url\":\"https:\\\/\\\/www.lasbardenas.com\\\/es\\\/tu-plan\\\/alojamiento-para-senda-viva\\\/\",\"name\":\"\u00bfViajas con ni\u00f1os? hotel Sendaviva en Bardenas de Navarra\",\"isPartOf\":{\"@id\":\"https:\\\/\\\/www.lasbardenas.com\\\/#website\"},\"primaryImageOfPage\":{\"@id\":\"https:\\\/\\\/www.lasbardenas.com\\\/es\\\/tu-plan\\\/alojamiento-para-senda-viva\\\/#primaryimage\"},\"image\":{\"@id\":\"https:\\\/\\\/www.lasbardenas.com\\\/es\\\/tu-plan\\\/alojamiento-para-senda-viva\\\/#primaryimage\"},\"thumbnailUrl\":\"https:\\\/\\\/www.lasbardenas.com\\\/wp-content\\\/uploads\\\/sendaviva-recinto-2.jpg\",\"datePublished\":\"2018-03-07T17:32:46+00:00\",\"dateModified\":\"2023-04-17T14:27:52+00:00\",\"description\":\"Las Bardenas de Navarra ofrecen muchas actividades si viajas con ni\u00f1os, en nuestro hotel podr\u00e1s pasar unos d\u00edas en Sendaviva (a 3 km).\",\"breadcrumb\":{\"@id\":\"https:\\\/\\\/www.lasbardenas.com\\\/es\\\/tu-plan\\\/alojamiento-para-senda-viva\\\/#breadcrumb\"},\"inLanguage\":\"es-ES\",\"potentialAction\":[{\"@type\":\"ReadAction\",\"target\":[\"https:\\\/\\\/www.lasbardenas.com\\\/es\\\/tu-plan\\\/alojamiento-para-senda-viva\\\/\"]}]},{\"@type\":\"ImageObject\",\"inLanguage\":\"es-ES\",\"@id\":\"https:\\\/\\\/www.lasbardenas.com\\\/es\\\/tu-plan\\\/alojamiento-para-senda-viva\\\/#primaryimage\",\"url\":\"https:\\\/\\\/www.lasbardenas.com\\\/wp-content\\\/uploads\\\/sendaviva-recinto-2.jpg\",\"contentUrl\":\"https:\\\/\\\/www.lasbardenas.com\\\/wp-content\\\/uploads\\\/sendaviva-recinto-2.jpg\",\"width\":900,\"height\":541},{\"@type\":\"BreadcrumbList\",\"@id\":\"https:\\\/\\\/www.lasbardenas.com\\\/es\\\/tu-plan\\\/alojamiento-para-senda-viva\\\/#breadcrumb\",\"itemListElement\":[{\"@type\":\"ListItem\",\"position\":1,\"name\":\"Inicio\",\"item\":\"https:\\\/\\\/www.lasbardenas.com\\\/es\\\/\"},{\"@type\":\"ListItem\",\"position\":2,\"name\":\"Tu plan\",\"item\":\"https:\\\/\\\/www.lasbardenas.com\\\/es\\\/tu-plan\\\/\"},{\"@type\":\"ListItem\",\"position\":3,\"name\":\"\u00bfVIAJAS CON NI\u00d1OS?\"}]},{\"@type\":\"WebSite\",\"@id\":\"https:\\\/\\\/www.lasbardenas.com\\\/#website\",\"url\":\"https:\\\/\\\/www.lasbardenas.com\\\/\",\"name\":\"Cuevas de Bardenas - Casas Cueva en Navarra\",\"description\":\"Cuevas de Bardenas\",\"publisher\":{\"@id\":\"https:\\\/\\\/www.lasbardenas.com\\\/#organization\"},\"potentialAction\":[{\"@type\":\"SearchAction\",\"target\":{\"@type\":\"EntryPoint\",\"urlTemplate\":\"https:\\\/\\\/www.lasbardenas.com\\\/?s={search_term_string}\"},\"query-input\":{\"@type\":\"PropertyValueSpecification\",\"valueRequired\":true,\"valueName\":\"search_term_string\"}}],\"inLanguage\":\"es-ES\"},{\"@type\":\"Organization\",\"@id\":\"https:\\\/\\\/www.lasbardenas.com\\\/#organization\",\"name\":\"Cuevas de Bardenas - Casas Cueva en Navarra\",\"url\":\"https:\\\/\\\/www.lasbardenas.com\\\/\",\"logo\":{\"@type\":\"ImageObject\",\"inLanguage\":\"es-ES\",\"@id\":\"https:\\\/\\\/www.lasbardenas.com\\\/#\\\/schema\\\/logo\\\/image\\\/\",\"url\":\"https:\\\/\\\/www.lasbardenas.com\\\/wp-content\\\/uploads\\\/cropped-cropped-ChatGPT-Image-25-mar-2026-17_53_53-1-e1774457788358.png\",\"contentUrl\":\"https:\\\/\\\/www.lasbardenas.com\\\/wp-content\\\/uploads\\\/cropped-cropped-ChatGPT-Image-25-mar-2026-17_53_53-1-e1774457788358.png\",\"width\":300,\"height\":88,\"caption\":\"Cuevas de Bardenas - Casas Cueva en Navarra\"},\"image\":{\"@id\":\"https:\\\/\\\/www.lasbardenas.com\\\/#\\\/schema\\\/logo\\\/image\\\/\"},\"sameAs\":[\"https:\\\/\\\/www.facebook.com\\\/bardeneras\",\"https:\\\/\\\/x.com\\\/lasbardenas\",\"https:\\\/\\\/www.instagram.com\\\/cuevasruralesbardenas\"]}]}<\/script>\n<!-- \/ Yoast SEO plugin. -->","yoast_head_json":{"title":"\u00bfViajas con ni\u00f1os? hotel Sendaviva en Bardenas de Navarra","description":"Las Bardenas de Navarra ofrecen muchas actividades si viajas con ni\u00f1os, en nuestro hotel podr\u00e1s pasar unos d\u00edas en Sendaviva (a 3 km).","robots":{"index":"index","follow":"follow","max-snippet":"max-snippet:-1","max-image-preview":"max-image-preview:large","max-video-preview":"max-video-preview:-1"},"canonical":"https:\/\/www.lasbardenas.com\/es\/wp-json\/wp\/v2\/pages\/193","og_locale":"es_ES","og_type":"article","og_title":"\u00bfViajas con ni\u00f1os? hotel Sendaviva en Bardenas de Navarra","og_description":"Las Bardenas de Navarra ofrecen muchas actividades si viajas con ni\u00f1os, en nuestro hotel podr\u00e1s pasar unos d\u00edas en Sendaviva (a 3 km).","og_url":"https:\/\/www.lasbardenas.com\/es\/tu-plan\/alojamiento-para-senda-viva\/","og_site_name":"Cuevas de Bardenas - Casas Cueva en Navarra","article_publisher":"https:\/\/www.facebook.com\/bardeneras","article_modified_time":"2023-04-17T14:27:52+00:00","og_image":[{"width":900,"height":541,"url":"https:\/\/www.lasbardenas.com\/wp-content\/uploads\/sendaviva-recinto-2.jpg","type":"image\/jpeg"}],"twitter_card":"summary_large_image","twitter_site":"@lasbardenas","twitter_misc":{"Tiempo de lectura":"3 minutos"},"schema":{"@context":"https:\/\/schema.org","@graph":[{"@type":"WebPage","@id":"https:\/\/www.lasbardenas.com\/es\/tu-plan\/alojamiento-para-senda-viva\/","url":"https:\/\/www.lasbardenas.com\/es\/tu-plan\/alojamiento-para-senda-viva\/","name":"\u00bfViajas con ni\u00f1os? hotel Sendaviva en Bardenas de Navarra","isPartOf":{"@id":"https:\/\/www.lasbardenas.com\/#website"},"primaryImageOfPage":{"@id":"https:\/\/www.lasbardenas.com\/es\/tu-plan\/alojamiento-para-senda-viva\/#primaryimage"},"image":{"@id":"https:\/\/www.lasbardenas.com\/es\/tu-plan\/alojamiento-para-senda-viva\/#primaryimage"},"thumbnailUrl":"https:\/\/www.lasbardenas.com\/wp-content\/uploads\/sendaviva-recinto-2.jpg","datePublished":"2018-03-07T17:32:46+00:00","dateModified":"2023-04-17T14:27:52+00:00","description":"Las Bardenas de Navarra ofrecen muchas actividades si viajas con ni\u00f1os, en nuestro hotel podr\u00e1s pasar unos d\u00edas en Sendaviva (a 3 km).","breadcrumb":{"@id":"https:\/\/www.lasbardenas.com\/es\/tu-plan\/alojamiento-para-senda-viva\/#breadcrumb"},"inLanguage":"es-ES","potentialAction":[{"@type":"ReadAction","target":["https:\/\/www.lasbardenas.com\/es\/tu-plan\/alojamiento-para-senda-viva\/"]}]},{"@type":"ImageObject","inLanguage":"es-ES","@id":"https:\/\/www.lasbardenas.com\/es\/tu-plan\/alojamiento-para-senda-viva\/#primaryimage","url":"https:\/\/www.lasbardenas.com\/wp-content\/uploads\/sendaviva-recinto-2.jpg","contentUrl":"https:\/\/www.lasbardenas.com\/wp-content\/uploads\/sendaviva-recinto-2.jpg","width":900,"height":541},{"@type":"BreadcrumbList","@id":"https:\/\/www.lasbardenas.com\/es\/tu-plan\/alojamiento-para-senda-viva\/#breadcrumb","itemListElement":[{"@type":"ListItem","position":1,"name":"Inicio","item":"https:\/\/www.lasbardenas.com\/es\/"},{"@type":"ListItem","position":2,"name":"Tu plan","item":"https:\/\/www.lasbardenas.com\/es\/tu-plan\/"},{"@type":"ListItem","position":3,"name":"\u00bfVIAJAS CON NI\u00d1OS?"}]},{"@type":"WebSite","@id":"https:\/\/www.lasbardenas.com\/#website","url":"https:\/\/www.lasbardenas.com\/","name":"Cuevas de Bardenas - Casas Cueva en Navarra","description":"Cuevas de Bardenas","publisher":{"@id":"https:\/\/www.lasbardenas.com\/#organization"},"potentialAction":[{"@type":"SearchAction","target":{"@type":"EntryPoint","urlTemplate":"https:\/\/www.lasbardenas.com\/?s={search_term_string}"},"query-input":{"@type":"PropertyValueSpecification","valueRequired":true,"valueName":"search_term_string"}}],"inLanguage":"es-ES"},{"@type":"Organization","@id":"https:\/\/www.lasbardenas.com\/#organization","name":"Cuevas de Bardenas - Casas Cueva en Navarra","url":"https:\/\/www.lasbardenas.com\/","logo":{"@type":"ImageObject","inLanguage":"es-ES","@id":"https:\/\/www.lasbardenas.com\/#\/schema\/logo\/image\/","url":"https:\/\/www.lasbardenas.com\/wp-content\/uploads\/cropped-cropped-ChatGPT-Image-25-mar-2026-17_53_53-1-e1774457788358.png","contentUrl":"https:\/\/www.lasbardenas.com\/wp-content\/uploads\/cropped-cropped-ChatGPT-Image-25-mar-2026-17_53_53-1-e1774457788358.png","width":300,"height":88,"caption":"Cuevas de Bardenas - Casas Cueva en Navarra"},"image":{"@id":"https:\/\/www.lasbardenas.com\/#\/schema\/logo\/image\/"},"sameAs":["https:\/\/www.facebook.com\/bardeneras","https:\/\/x.com\/lasbardenas","https:\/\/www.instagram.com\/cuevasruralesbardenas"]}]}},"_links":{"self":[{"href":"https:\/\/www.lasbardenas.com\/es\/wp-json\/wp\/v2\/pages\/193","targetHints":{"allow":["GET"]}}],"collection":[{"href":"https:\/\/www.lasbardenas.com\/es\/wp-json\/wp\/v2\/pages"}],"about":[{"href":"https:\/\/www.lasbardenas.com\/es\/wp-json\/wp\/v2\/types\/page"}],"author":[{"embeddable":true,"href":"https:\/\/www.lasbardenas.com\/es\/wp-json\/wp\/v2\/users\/1"}],"replies":[{"embeddable":true,"href":"https:\/\/www.lasbardenas.com\/es\/wp-json\/wp\/v2\/comments?post=193"}],"version-history":[{"count":0,"href":"https:\/\/www.lasbardenas.com\/es\/wp-json\/wp\/v2\/pages\/193\/revisions"}],"up":[{"embeddable":true,"href":"https:\/\/www.lasbardenas.com\/es\/wp-json\/wp\/v2\/pages\/188"}],"wp:featuredmedia":[{"embeddable":true,"href":"https:\/\/www.lasbardenas.com\/es\/wp-json\/wp\/v2\/media\/2402"}],"wp:attachment":[{"href":"https:\/\/www.lasbardenas.com\/es\/wp-json\/wp\/v2\/media?parent=193"}],"curies":[{"name":"wp","href":"https:\/\/api.w.org\/{rel}","templated":true}]}}