{"id":1522,"date":"2019-09-10T21:10:44","date_gmt":"2019-09-10T19:10:44","guid":{"rendered":"https:\/\/www.lasbardenas.com\/es\/?page_id=1522"},"modified":"2026-03-17T12:04:52","modified_gmt":"2026-03-17T11:04:52","slug":"promocion","status":"publish","type":"page","link":"https:\/\/www.lasbardenas.com\/fr\/promocion\/","title":{"rendered":"PROMOTION 2026"},"content":{"rendered":"<p>SPA THERMOL\u00daDICO<\/p>\n<p><img fetchpriority=\"high\" decoding=\"async\" class=\"alignnone size-medium wp-image-2394\" src=\"https:\/\/www.lasbardenas.com\/wp-content\/uploads\/A2-Centro-Termoludico-High-4-558x372.jpg\" alt=\"\" width=\"558\" height=\"372\" srcset=\"https:\/\/www.lasbardenas.com\/wp-content\/uploads\/A2-Centro-Termoludico-High-4-558x372.jpg 558w, https:\/\/www.lasbardenas.com\/wp-content\/uploads\/A2-Centro-Termoludico-High-4-480x320.jpg 480w, https:\/\/www.lasbardenas.com\/wp-content\/uploads\/A2-Centro-Termoludico-High-4.jpg 650w\" sizes=\"(max-width: 558px) 100vw, 558px\" \/><\/p>\n<p>Toutes les r\u00e9servations de plus de 2 nuits, b\u00e9n\u00e9ficieront d&rsquo;une r\u00e9duction de 30 % sur les billets pour le spa thermoludique Cascante.<\/p>\n","protected":false},"excerpt":{"rendered":"<p>SPA THERMOL\u00daDICO Toutes les r\u00e9servations de plus de 2 nuits, b\u00e9n\u00e9ficieront d&rsquo;une r\u00e9duction de 30 % sur les billets pour le spa thermoludique Cascante.<\/p>\n","protected":false},"author":2,"featured_media":0,"parent":0,"menu_order":0,"comment_status":"closed","ping_status":"closed","template":"","meta":{"_acf_changed":false,"footnotes":""},"class_list":["post-1522","page","type-page","status-publish","hentry"],"acf":[],"yoast_head":"<!-- This site is optimized with the Yoast SEO plugin v27.5 - https:\/\/yoast.com\/product\/yoast-seo-wordpress\/ -->\n<title>PROMOTION 2026<\/title>\n<meta name=\"description\" content=\"Reserva ahora una aventura inolvidable con las promociones de Las Bardenas. Experimente los mejores alojamientos, actividades y servicios a un precio excelente.\" \/>\n<meta name=\"robots\" content=\"index, follow, max-snippet:-1, max-image-preview:large, max-video-preview:-1\" \/>\n<link rel=\"canonical\" href=\"https:\/\/www.lasbardenas.com\/fr\/wp-json\/wp\/v2\/pages\/1522\" \/>\n<meta property=\"og:locale\" content=\"fr_FR\" \/>\n<meta property=\"og:locale:alternate\" content=\"es_ES\" \/>\n<meta property=\"og:locale:alternate\" content=\"en_US\" \/>\n<meta property=\"og:type\" content=\"article\" \/>\n<meta property=\"og:title\" content=\"PROMOTION 2026\" \/>\n<meta property=\"og:description\" content=\"Reserva ahora una aventura inolvidable con las promociones de Las Bardenas. Experimente los mejores alojamientos, actividades y servicios a un precio excelente.\" \/>\n<meta property=\"og:url\" content=\"https:\/\/www.lasbardenas.com\/fr\/promocion\/\" \/>\n<meta property=\"og:site_name\" content=\"Maisons Troglodytes de Bardenas\" \/>\n<meta property=\"article:publisher\" content=\"https:\/\/www.facebook.com\/bardeneras\" \/>\n<meta property=\"article:modified_time\" content=\"2026-03-17T11:04:52+00:00\" \/>\n<meta property=\"og:image\" content=\"https:\/\/www.lasbardenas.com\/wp-content\/uploads\/A2-Centro-Termoludico-High-4.jpg\" \/>\n\t<meta property=\"og:image:width\" content=\"650\" \/>\n\t<meta property=\"og:image:height\" content=\"433\" \/>\n\t<meta property=\"og:image:type\" content=\"image\/jpeg\" \/>\n<meta name=\"twitter:card\" content=\"summary_large_image\" \/>\n<meta name=\"twitter:site\" content=\"@lasbardenas\" \/>\n<meta name=\"twitter:label1\" content=\"Dur\u00e9e de lecture estim\u00e9e\" \/>\n\t<meta name=\"twitter:data1\" content=\"1 minute\" \/>\n<script type=\"application\/ld+json\" class=\"yoast-schema-graph\">{\"@context\":\"https:\\\/\\\/schema.org\",\"@graph\":[{\"@type\":\"WebPage\",\"@id\":\"https:\\\/\\\/www.lasbardenas.com\\\/es\\\/promocion\\\/\",\"url\":\"https:\\\/\\\/www.lasbardenas.com\\\/es\\\/promocion\\\/\",\"name\":\"PROMOTION 2026\",\"isPartOf\":{\"@id\":\"https:\\\/\\\/www.lasbardenas.com\\\/#website\"},\"primaryImageOfPage\":{\"@id\":\"https:\\\/\\\/www.lasbardenas.com\\\/es\\\/promocion\\\/#primaryimage\"},\"image\":{\"@id\":\"https:\\\/\\\/www.lasbardenas.com\\\/es\\\/promocion\\\/#primaryimage\"},\"thumbnailUrl\":\"https:\\\/\\\/www.lasbardenas.com\\\/wp-content\\\/uploads\\\/A2-Centro-Termoludico-High-4-558x372.jpg\",\"datePublished\":\"2019-09-10T19:10:44+00:00\",\"dateModified\":\"2026-03-17T11:04:52+00:00\",\"description\":\"Reserva ahora una aventura inolvidable con las promociones de Las Bardenas. Experimente los mejores alojamientos, actividades y servicios a un precio excelente.\",\"breadcrumb\":{\"@id\":\"https:\\\/\\\/www.lasbardenas.com\\\/es\\\/promocion\\\/#breadcrumb\"},\"inLanguage\":\"fr-FR\",\"potentialAction\":[{\"@type\":\"ReadAction\",\"target\":[\"https:\\\/\\\/www.lasbardenas.com\\\/es\\\/promocion\\\/\"]}]},{\"@type\":\"ImageObject\",\"inLanguage\":\"fr-FR\",\"@id\":\"https:\\\/\\\/www.lasbardenas.com\\\/es\\\/promocion\\\/#primaryimage\",\"url\":\"https:\\\/\\\/www.lasbardenas.com\\\/wp-content\\\/uploads\\\/A2-Centro-Termoludico-High-4-558x372.jpg\",\"contentUrl\":\"https:\\\/\\\/www.lasbardenas.com\\\/wp-content\\\/uploads\\\/A2-Centro-Termoludico-High-4-558x372.jpg\"},{\"@type\":\"BreadcrumbList\",\"@id\":\"https:\\\/\\\/www.lasbardenas.com\\\/es\\\/promocion\\\/#breadcrumb\",\"itemListElement\":[{\"@type\":\"ListItem\",\"position\":1,\"name\":\"Inicio\",\"item\":\"https:\\\/\\\/www.lasbardenas.com\\\/es\\\/\"},{\"@type\":\"ListItem\",\"position\":2,\"name\":\"PROMOCI\u00d3N 2026\"}]},{\"@type\":\"WebSite\",\"@id\":\"https:\\\/\\\/www.lasbardenas.com\\\/#website\",\"url\":\"https:\\\/\\\/www.lasbardenas.com\\\/\",\"name\":\"Maisons Troglodytes de Bardenas\",\"description\":\"Maisons Troglodytes \u00e0 Louer\",\"publisher\":{\"@id\":\"https:\\\/\\\/www.lasbardenas.com\\\/#organization\"},\"potentialAction\":[{\"@type\":\"SearchAction\",\"target\":{\"@type\":\"EntryPoint\",\"urlTemplate\":\"https:\\\/\\\/www.lasbardenas.com\\\/?s={search_term_string}\"},\"query-input\":{\"@type\":\"PropertyValueSpecification\",\"valueRequired\":true,\"valueName\":\"search_term_string\"}}],\"inLanguage\":\"fr-FR\"},{\"@type\":\"Organization\",\"@id\":\"https:\\\/\\\/www.lasbardenas.com\\\/#organization\",\"name\":\"Maisons Troglodytes de Bardenas\",\"url\":\"https:\\\/\\\/www.lasbardenas.com\\\/\",\"logo\":{\"@type\":\"ImageObject\",\"inLanguage\":\"fr-FR\",\"@id\":\"https:\\\/\\\/www.lasbardenas.com\\\/#\\\/schema\\\/logo\\\/image\\\/\",\"url\":\"https:\\\/\\\/www.lasbardenas.com\\\/wp-content\\\/uploads\\\/cropped-cropped-ChatGPT-Image-25-mar-2026-17_53_53-1-e1774457788358.png\",\"contentUrl\":\"https:\\\/\\\/www.lasbardenas.com\\\/wp-content\\\/uploads\\\/cropped-cropped-ChatGPT-Image-25-mar-2026-17_53_53-1-e1774457788358.png\",\"width\":300,\"height\":88,\"caption\":\"Maisons Troglodytes de Bardenas\"},\"image\":{\"@id\":\"https:\\\/\\\/www.lasbardenas.com\\\/#\\\/schema\\\/logo\\\/image\\\/\"},\"sameAs\":[\"https:\\\/\\\/www.facebook.com\\\/bardeneras\",\"https:\\\/\\\/x.com\\\/lasbardenas\",\"https:\\\/\\\/www.instagram.com\\\/cuevasruralesbardenas\"]}]}<\/script>\n<!-- \/ Yoast SEO plugin. -->","yoast_head_json":{"title":"PROMOTION 2026","description":"Reserva ahora una aventura inolvidable con las promociones de Las Bardenas. Experimente los mejores alojamientos, actividades y servicios a un precio excelente.","robots":{"index":"index","follow":"follow","max-snippet":"max-snippet:-1","max-image-preview":"max-image-preview:large","max-video-preview":"max-video-preview:-1"},"canonical":"https:\/\/www.lasbardenas.com\/fr\/wp-json\/wp\/v2\/pages\/1522","og_locale":"fr_FR","og_type":"article","og_title":"[:es][:es]PROMOCI\u00d3N 2026[:en]PROMOTION 2023[:fr]PROMOTION 2026[:] - Cuevas de Bardenas[:]","og_description":"[:es]Aprovecha las promociones y ofertas exclusivas de Las Bardenas para una estancia memorable en el Parque Natural de las Bardenas Reales.[:en]Vive lo mejor de Bardenas con las promociones y ofertas exclusivas de Las Bardenas. \u00a1Reserve ahora para obtener descuentos en alojamiento, comidas actividades![:fr]Reserva ahora una aventura inolvidable con las promociones de Las Bardenas. Experimente los mejores alojamientos, actividades y servicios a un precio excelente.[:]","og_url":"https:\/\/www.lasbardenas.com\/fr\/promocion\/","og_site_name":"Maisons Troglodytes de Bardenas","article_publisher":"https:\/\/www.facebook.com\/bardeneras","article_modified_time":"2026-03-17T11:04:52+00:00","og_image":[{"width":650,"height":433,"url":"https:\/\/www.lasbardenas.com\/wp-content\/uploads\/A2-Centro-Termoludico-High-4.jpg","type":"image\/jpeg"}],"twitter_card":"summary_large_image","twitter_site":"@lasbardenas","twitter_misc":{"Dur\u00e9e de lecture estim\u00e9e":"1 minute"},"schema":{"@context":"https:\/\/schema.org","@graph":[{"@type":"WebPage","@id":"https:\/\/www.lasbardenas.com\/es\/promocion\/","url":"https:\/\/www.lasbardenas.com\/es\/promocion\/","name":"PROMOTION 2026","isPartOf":{"@id":"https:\/\/www.lasbardenas.com\/#website"},"primaryImageOfPage":{"@id":"https:\/\/www.lasbardenas.com\/es\/promocion\/#primaryimage"},"image":{"@id":"https:\/\/www.lasbardenas.com\/es\/promocion\/#primaryimage"},"thumbnailUrl":"https:\/\/www.lasbardenas.com\/wp-content\/uploads\/A2-Centro-Termoludico-High-4-558x372.jpg","datePublished":"2019-09-10T19:10:44+00:00","dateModified":"2026-03-17T11:04:52+00:00","description":"Reserva ahora una aventura inolvidable con las promociones de Las Bardenas. Experimente los mejores alojamientos, actividades y servicios a un precio excelente.","breadcrumb":{"@id":"https:\/\/www.lasbardenas.com\/es\/promocion\/#breadcrumb"},"inLanguage":"fr-FR","potentialAction":[{"@type":"ReadAction","target":["https:\/\/www.lasbardenas.com\/es\/promocion\/"]}]},{"@type":"ImageObject","inLanguage":"fr-FR","@id":"https:\/\/www.lasbardenas.com\/es\/promocion\/#primaryimage","url":"https:\/\/www.lasbardenas.com\/wp-content\/uploads\/A2-Centro-Termoludico-High-4-558x372.jpg","contentUrl":"https:\/\/www.lasbardenas.com\/wp-content\/uploads\/A2-Centro-Termoludico-High-4-558x372.jpg"},{"@type":"BreadcrumbList","@id":"https:\/\/www.lasbardenas.com\/es\/promocion\/#breadcrumb","itemListElement":[{"@type":"ListItem","position":1,"name":"Inicio","item":"https:\/\/www.lasbardenas.com\/es\/"},{"@type":"ListItem","position":2,"name":"PROMOCI\u00d3N 2026"}]},{"@type":"WebSite","@id":"https:\/\/www.lasbardenas.com\/#website","url":"https:\/\/www.lasbardenas.com\/","name":"Maisons Troglodytes de Bardenas","description":"Maisons Troglodytes \u00e0 Louer","publisher":{"@id":"https:\/\/www.lasbardenas.com\/#organization"},"potentialAction":[{"@type":"SearchAction","target":{"@type":"EntryPoint","urlTemplate":"https:\/\/www.lasbardenas.com\/?s={search_term_string}"},"query-input":{"@type":"PropertyValueSpecification","valueRequired":true,"valueName":"search_term_string"}}],"inLanguage":"fr-FR"},{"@type":"Organization","@id":"https:\/\/www.lasbardenas.com\/#organization","name":"Maisons Troglodytes de Bardenas","url":"https:\/\/www.lasbardenas.com\/","logo":{"@type":"ImageObject","inLanguage":"fr-FR","@id":"https:\/\/www.lasbardenas.com\/#\/schema\/logo\/image\/","url":"https:\/\/www.lasbardenas.com\/wp-content\/uploads\/cropped-cropped-ChatGPT-Image-25-mar-2026-17_53_53-1-e1774457788358.png","contentUrl":"https:\/\/www.lasbardenas.com\/wp-content\/uploads\/cropped-cropped-ChatGPT-Image-25-mar-2026-17_53_53-1-e1774457788358.png","width":300,"height":88,"caption":"Maisons Troglodytes de Bardenas"},"image":{"@id":"https:\/\/www.lasbardenas.com\/#\/schema\/logo\/image\/"},"sameAs":["https:\/\/www.facebook.com\/bardeneras","https:\/\/x.com\/lasbardenas","https:\/\/www.instagram.com\/cuevasruralesbardenas"]}]}},"_links":{"self":[{"href":"https:\/\/www.lasbardenas.com\/fr\/wp-json\/wp\/v2\/pages\/1522","targetHints":{"allow":["GET"]}}],"collection":[{"href":"https:\/\/www.lasbardenas.com\/fr\/wp-json\/wp\/v2\/pages"}],"about":[{"href":"https:\/\/www.lasbardenas.com\/fr\/wp-json\/wp\/v2\/types\/page"}],"author":[{"embeddable":true,"href":"https:\/\/www.lasbardenas.com\/fr\/wp-json\/wp\/v2\/users\/2"}],"replies":[{"embeddable":true,"href":"https:\/\/www.lasbardenas.com\/fr\/wp-json\/wp\/v2\/comments?post=1522"}],"version-history":[{"count":4,"href":"https:\/\/www.lasbardenas.com\/fr\/wp-json\/wp\/v2\/pages\/1522\/revisions"}],"predecessor-version":[{"id":3945,"href":"https:\/\/www.lasbardenas.com\/fr\/wp-json\/wp\/v2\/pages\/1522\/revisions\/3945"}],"wp:attachment":[{"href":"https:\/\/www.lasbardenas.com\/fr\/wp-json\/wp\/v2\/media?parent=1522"}],"curies":[{"name":"wp","href":"https:\/\/api.w.org\/{rel}","templated":true}]}}