{"id":190,"date":"2018-03-07T18:32:24","date_gmt":"2018-03-07T17:32:24","guid":{"rendered":"http:\/\/www.exeacomunicacion.com\/bardenas\/es\/?page_id=190"},"modified":"2025-08-08T22:09:33","modified_gmt":"2025-08-08T20:09:33","slug":"escapada-en-pareja","status":"publish","type":"page","link":"https:\/\/www.lasbardenas.com\/fr\/tu-plan\/escapada-en-pareja\/","title":{"rendered":"En couple"},"content":{"rendered":"<div class=\"plan\">\n<div class=\"row \">\n<div class=\"col-12 col-lg-4\"><img decoding=\"async\" title=\"bici y btt\" src=\"https:\/\/www.lasbardenas.com\/wp-content\/uploads\/cor-bardenas-557x372.jpg\" alt=\"Termas naturales de Arnedillo\" \/><\/div>\n<div class=\"col-12 col-lg-8\">\n<div class=\"inner\">\n<h3>VELO ET VTT<\/h3>\n<p>Si vous aimez les deux roues, vous \u00eates \u00e0 l&#8217;endroit id\u00e9al, car la Navarre est une destination plus que pr\u00eate \u00e0 l&#8217;explorer \u00e0 v\u00e9lo. Pour une promenade d\u00e9tendue dans laquelle profiter de chaque paysage, choisissez l&#8217;une de ses cinq <b>V\u00edas Verdes<\/b>, dans lesquelles vous pourrez \u00e9galement combiner votre passe-temps avec un peu d&#8217;histoire du lieu.<\/p>\n<\/div>\n<\/div>\n<\/div>\n<\/div>\n<div class=\"plan\">\n<div class=\"row \">\n<div class=\"col-12 col-lg-4\"><img decoding=\"async\" title=\"Rio Ebro en Navarra\" src=\"https:\/\/www.lasbardenas.com\/wp-content\/uploads\/Que-ver-en-Tudela-Navarra-623x372.jpg\" alt=\"TUDELA\" \/><\/div>\n<div class=\"col-12 col-lg-8\">\n<div class=\"inner\">\n<h3>TUDELA<\/h3>\n<p>Tudela, qui propose jusqu&#8217;\u00e0 28\u00a0vari\u00e9t\u00e9s de <b>l\u00e9gumes<\/b> exquis que vous pourrez d\u00e9guster dans ses restaurants\u00a0; son spectaculaire <b>patrimoine monumental<\/b> r\u00e9sultant du passage des juifs, des mozarabes et des chr\u00e9tiens\u00a0; et l&#8217;<b>art urbain<\/b> qui se respire et se voit sur les murs de son quartier historique.<\/p>\n<\/div>\n<\/div>\n<\/div>\n<\/div>\n<div class=\"plan\">\n<div class=\"row \">\n<div class=\"col-12 col-lg-4\"><img decoding=\"async\" title=\"spa, jacuzzis, chorros, saunas en Cascante \" src=\"https:\/\/www.lasbardenas.com\/wp-content\/uploads\/A2-Centro-Termoludico-High-4-558x372.jpg\" alt=\"Complejo Termol\u00fadico de Cascante\" \/><\/div>\n<div class=\"col-12 col-lg-8\">\n<div class=\"inner\">\n<h3>Complexe thermoludique Cascante<\/h3>\n<p>Faites un plongeon relaxant dans le complexe Cascante Thermoludique<br \/>\n\u00c0 seulement 15 minutes des Grottes, profitez de ses piscines int\u00e9rieures, jacuzzis, jets, saunas et autres attractions aquatiques en profitant d&#8217;une vue imprenable sur Moncayo. Il dispose \u00e9galement d&#8217;espaces de loisirs en plein air, d&#8217;une salle de sport et de courts de paddle-tennis.<br \/>\nLa touche finale parfaite \u00e0 une journ\u00e9e intense et avec une r\u00e9duction de 30% pour les clients de notre H\u00f4tel \u00e0 Bardenas.<\/p>\n<\/div>\n<\/div>\n<\/div>\n<\/div>\n<div class=\"plan\">\n<div class=\"row \">\n<div class=\"col-12 col-lg-8\">\n<div class=\"inner\">\n<p>&nbsp;<\/p>\n<\/div>\n<\/div>\n<\/div>\n<\/div>\n<div class=\"plan\">\n<div class=\"row \">\n<div class=\"col-12 col-lg-8\">\n<div class=\"inner\"><\/div>\n<\/div>\n<\/div>\n<\/div>\n","protected":false},"excerpt":{"rendered":"<p>VELO ET VTT Si vous aimez les deux roues, vous \u00eates \u00e0 l&#8217;endroit id\u00e9al, car la Navarre est une destination plus que pr\u00eate \u00e0 l&#8217;explorer \u00e0 v\u00e9lo. Pour une promenade d\u00e9tendue dans laquelle profiter de chaque paysage, choisissez l&#8217;une de ses cinq V\u00edas Verdes, dans lesquelles vous pourrez \u00e9galement combiner votre passe-temps avec un peu [&hellip;]<\/p>\n","protected":false},"author":1,"featured_media":545,"parent":188,"menu_order":0,"comment_status":"closed","ping_status":"closed","template":"page-templates\/template-plan.php","meta":{"_acf_changed":false,"footnotes":""},"class_list":["post-190","page","type-page","status-publish","has-post-thumbnail","hentry"],"acf":[],"yoast_head":"<!-- This site is optimized with the Yoast SEO plugin v27.3 - https:\/\/yoast.com\/product\/yoast-seo-wordpress\/ -->\n<title>Escapada en pareja en Bardenas de Navarra, escapada rom\u00e1ntica<\/title>\n<meta name=\"description\" content=\"Disfruta de una escapada rom\u00e1ntica en nuestra suite &quot;Pasi\u00f3n Bardenera&quot;. Fin de semana inolvidable en pareja en apartamento Bardenas.\" \/>\n<meta name=\"robots\" content=\"index, follow, max-snippet:-1, max-image-preview:large, max-video-preview:-1\" \/>\n<link rel=\"canonical\" href=\"https:\/\/www.lasbardenas.com\/fr\/wp-json\/wp\/v2\/pages\/190\" \/>\n<meta property=\"og:locale\" content=\"fr_FR\" \/>\n<meta property=\"og:locale:alternate\" content=\"es_ES\" \/>\n<meta property=\"og:locale:alternate\" content=\"en_US\" \/>\n<meta property=\"og:type\" content=\"article\" \/>\n<meta property=\"og:title\" content=\"Escapada en pareja en Bardenas de Navarra, escapada rom\u00e1ntica\" \/>\n<meta property=\"og:description\" content=\"Disfruta de una escapada rom\u00e1ntica en nuestra suite &quot;Pasi\u00f3n Bardenera&quot;. Fin de semana inolvidable en pareja en apartamento Bardenas.\" \/>\n<meta property=\"og:url\" content=\"https:\/\/www.lasbardenas.com\/fr\/tu-plan\/escapada-en-pareja\/\" \/>\n<meta property=\"og:site_name\" content=\"Maisons Troglodytes de Bardenas\" \/>\n<meta property=\"article:publisher\" content=\"https:\/\/www.facebook.com\/bardeneras\" \/>\n<meta property=\"article:modified_time\" content=\"2025-08-08T20:09:33+00:00\" \/>\n<meta property=\"og:image\" content=\"https:\/\/www.lasbardenas.com\/wp-content\/uploads\/escapada-parejas-bardenas.jpg\" \/>\n\t<meta property=\"og:image:width\" content=\"600\" \/>\n\t<meta property=\"og:image:height\" content=\"520\" \/>\n\t<meta property=\"og:image:type\" content=\"image\/jpeg\" \/>\n<meta name=\"twitter:card\" content=\"summary_large_image\" \/>\n<meta name=\"twitter:site\" content=\"@lasbardenas\" \/>\n<meta name=\"twitter:label1\" content=\"Dur\u00e9e de lecture estim\u00e9e\" \/>\n\t<meta name=\"twitter:data1\" content=\"4 minutes\" \/>\n<script type=\"application\/ld+json\" class=\"yoast-schema-graph\">{\"@context\":\"https:\\\/\\\/schema.org\",\"@graph\":[{\"@type\":\"WebPage\",\"@id\":\"https:\\\/\\\/www.lasbardenas.com\\\/fr\\\/tu-plan\\\/escapada-en-pareja\\\/\",\"url\":\"https:\\\/\\\/www.lasbardenas.com\\\/fr\\\/tu-plan\\\/escapada-en-pareja\\\/\",\"name\":\"Escapada en pareja en Bardenas de Navarra, escapada rom\u00e1ntica\",\"isPartOf\":{\"@id\":\"https:\\\/\\\/www.lasbardenas.com\\\/#website\"},\"primaryImageOfPage\":{\"@id\":\"https:\\\/\\\/www.lasbardenas.com\\\/fr\\\/tu-plan\\\/escapada-en-pareja\\\/#primaryimage\"},\"image\":{\"@id\":\"https:\\\/\\\/www.lasbardenas.com\\\/fr\\\/tu-plan\\\/escapada-en-pareja\\\/#primaryimage\"},\"thumbnailUrl\":\"https:\\\/\\\/www.lasbardenas.com\\\/wp-content\\\/uploads\\\/escapada-parejas-bardenas.jpg\",\"datePublished\":\"2018-03-07T17:32:24+00:00\",\"dateModified\":\"2025-08-08T20:09:33+00:00\",\"description\":\"Disfruta de una escapada rom\u00e1ntica en nuestra suite \\\"Pasi\u00f3n Bardenera\\\". Fin de semana inolvidable en pareja en apartamento Bardenas.\",\"breadcrumb\":{\"@id\":\"https:\\\/\\\/www.lasbardenas.com\\\/fr\\\/tu-plan\\\/escapada-en-pareja\\\/#breadcrumb\"},\"inLanguage\":\"fr-FR\",\"potentialAction\":[{\"@type\":\"ReadAction\",\"target\":[\"https:\\\/\\\/www.lasbardenas.com\\\/fr\\\/tu-plan\\\/escapada-en-pareja\\\/\"]}]},{\"@type\":\"ImageObject\",\"inLanguage\":\"fr-FR\",\"@id\":\"https:\\\/\\\/www.lasbardenas.com\\\/fr\\\/tu-plan\\\/escapada-en-pareja\\\/#primaryimage\",\"url\":\"https:\\\/\\\/www.lasbardenas.com\\\/wp-content\\\/uploads\\\/escapada-parejas-bardenas.jpg\",\"contentUrl\":\"https:\\\/\\\/www.lasbardenas.com\\\/wp-content\\\/uploads\\\/escapada-parejas-bardenas.jpg\",\"width\":600,\"height\":520,\"caption\":\"Alojamiento casa Cueva Pasi\u00f3n suite bardenera\"},{\"@type\":\"BreadcrumbList\",\"@id\":\"https:\\\/\\\/www.lasbardenas.com\\\/fr\\\/tu-plan\\\/escapada-en-pareja\\\/#breadcrumb\",\"itemListElement\":[{\"@type\":\"ListItem\",\"position\":1,\"name\":\"Inicio\",\"item\":\"https:\\\/\\\/www.lasbardenas.com\\\/es\\\/\"},{\"@type\":\"ListItem\",\"position\":2,\"name\":\"Tu plan\",\"item\":\"https:\\\/\\\/www.lasbardenas.com\\\/es\\\/tu-plan\\\/\"},{\"@type\":\"ListItem\",\"position\":3,\"name\":\"En couple\"}]},{\"@type\":\"WebSite\",\"@id\":\"https:\\\/\\\/www.lasbardenas.com\\\/#website\",\"url\":\"https:\\\/\\\/www.lasbardenas.com\\\/\",\"name\":\"Maisons Troglodytes de Bardenas\",\"description\":\"Maisons Troglodytes \u00e0 Louer\",\"publisher\":{\"@id\":\"https:\\\/\\\/www.lasbardenas.com\\\/#organization\"},\"potentialAction\":[{\"@type\":\"SearchAction\",\"target\":{\"@type\":\"EntryPoint\",\"urlTemplate\":\"https:\\\/\\\/www.lasbardenas.com\\\/?s={search_term_string}\"},\"query-input\":{\"@type\":\"PropertyValueSpecification\",\"valueRequired\":true,\"valueName\":\"search_term_string\"}}],\"inLanguage\":\"fr-FR\"},{\"@type\":\"Organization\",\"@id\":\"https:\\\/\\\/www.lasbardenas.com\\\/#organization\",\"name\":\"Maisons Troglodytes de Bardenas\",\"url\":\"https:\\\/\\\/www.lasbardenas.com\\\/\",\"logo\":{\"@type\":\"ImageObject\",\"inLanguage\":\"fr-FR\",\"@id\":\"https:\\\/\\\/www.lasbardenas.com\\\/#\\\/schema\\\/logo\\\/image\\\/\",\"url\":\"https:\\\/\\\/www.lasbardenas.com\\\/wp-content\\\/uploads\\\/cropped-cropped-ChatGPT-Image-25-mar-2026-17_53_53-1-e1774457788358.png\",\"contentUrl\":\"https:\\\/\\\/www.lasbardenas.com\\\/wp-content\\\/uploads\\\/cropped-cropped-ChatGPT-Image-25-mar-2026-17_53_53-1-e1774457788358.png\",\"width\":300,\"height\":88,\"caption\":\"Maisons Troglodytes de Bardenas\"},\"image\":{\"@id\":\"https:\\\/\\\/www.lasbardenas.com\\\/#\\\/schema\\\/logo\\\/image\\\/\"},\"sameAs\":[\"https:\\\/\\\/www.facebook.com\\\/bardeneras\",\"https:\\\/\\\/x.com\\\/lasbardenas\",\"https:\\\/\\\/www.instagram.com\\\/cuevasruralesbardenas\"]}]}<\/script>\n<!-- \/ Yoast SEO plugin. -->","yoast_head_json":{"title":"Escapada en pareja en Bardenas de Navarra, escapada rom\u00e1ntica","description":"Disfruta de una escapada rom\u00e1ntica en nuestra suite \"Pasi\u00f3n Bardenera\". Fin de semana inolvidable en pareja en apartamento Bardenas.","robots":{"index":"index","follow":"follow","max-snippet":"max-snippet:-1","max-image-preview":"max-image-preview:large","max-video-preview":"max-video-preview:-1"},"canonical":"https:\/\/www.lasbardenas.com\/fr\/wp-json\/wp\/v2\/pages\/190","og_locale":"fr_FR","og_type":"article","og_title":"[:es]Escapada en pareja en Bardenas de Navarra, escapada rom\u00e1ntica[:]","og_description":"[:es]Disfruta de una escapada rom\u00e1ntica en nuestra suite \"Pasi\u00f3n Bardenera\". Fin de semana inolvidable en pareja en apartamento Bardenas.[:]","og_url":"https:\/\/www.lasbardenas.com\/fr\/tu-plan\/escapada-en-pareja\/","og_site_name":"Maisons Troglodytes de Bardenas","article_publisher":"https:\/\/www.facebook.com\/bardeneras","article_modified_time":"2025-08-08T20:09:33+00:00","og_image":[{"width":600,"height":520,"url":"https:\/\/www.lasbardenas.com\/wp-content\/uploads\/escapada-parejas-bardenas.jpg","type":"image\/jpeg"}],"twitter_card":"summary_large_image","twitter_site":"@lasbardenas","twitter_misc":{"Dur\u00e9e de lecture estim\u00e9e":"4 minutes"},"schema":{"@context":"https:\/\/schema.org","@graph":[{"@type":"WebPage","@id":"https:\/\/www.lasbardenas.com\/fr\/tu-plan\/escapada-en-pareja\/","url":"https:\/\/www.lasbardenas.com\/fr\/tu-plan\/escapada-en-pareja\/","name":"Escapada en pareja en Bardenas de Navarra, escapada rom\u00e1ntica","isPartOf":{"@id":"https:\/\/www.lasbardenas.com\/#website"},"primaryImageOfPage":{"@id":"https:\/\/www.lasbardenas.com\/fr\/tu-plan\/escapada-en-pareja\/#primaryimage"},"image":{"@id":"https:\/\/www.lasbardenas.com\/fr\/tu-plan\/escapada-en-pareja\/#primaryimage"},"thumbnailUrl":"https:\/\/www.lasbardenas.com\/wp-content\/uploads\/escapada-parejas-bardenas.jpg","datePublished":"2018-03-07T17:32:24+00:00","dateModified":"2025-08-08T20:09:33+00:00","description":"Disfruta de una escapada rom\u00e1ntica en nuestra suite \"Pasi\u00f3n Bardenera\". Fin de semana inolvidable en pareja en apartamento Bardenas.","breadcrumb":{"@id":"https:\/\/www.lasbardenas.com\/fr\/tu-plan\/escapada-en-pareja\/#breadcrumb"},"inLanguage":"fr-FR","potentialAction":[{"@type":"ReadAction","target":["https:\/\/www.lasbardenas.com\/fr\/tu-plan\/escapada-en-pareja\/"]}]},{"@type":"ImageObject","inLanguage":"fr-FR","@id":"https:\/\/www.lasbardenas.com\/fr\/tu-plan\/escapada-en-pareja\/#primaryimage","url":"https:\/\/www.lasbardenas.com\/wp-content\/uploads\/escapada-parejas-bardenas.jpg","contentUrl":"https:\/\/www.lasbardenas.com\/wp-content\/uploads\/escapada-parejas-bardenas.jpg","width":600,"height":520,"caption":"Alojamiento casa Cueva Pasi\u00f3n suite bardenera"},{"@type":"BreadcrumbList","@id":"https:\/\/www.lasbardenas.com\/fr\/tu-plan\/escapada-en-pareja\/#breadcrumb","itemListElement":[{"@type":"ListItem","position":1,"name":"Inicio","item":"https:\/\/www.lasbardenas.com\/es\/"},{"@type":"ListItem","position":2,"name":"Tu plan","item":"https:\/\/www.lasbardenas.com\/es\/tu-plan\/"},{"@type":"ListItem","position":3,"name":"En couple"}]},{"@type":"WebSite","@id":"https:\/\/www.lasbardenas.com\/#website","url":"https:\/\/www.lasbardenas.com\/","name":"Maisons Troglodytes de Bardenas","description":"Maisons Troglodytes \u00e0 Louer","publisher":{"@id":"https:\/\/www.lasbardenas.com\/#organization"},"potentialAction":[{"@type":"SearchAction","target":{"@type":"EntryPoint","urlTemplate":"https:\/\/www.lasbardenas.com\/?s={search_term_string}"},"query-input":{"@type":"PropertyValueSpecification","valueRequired":true,"valueName":"search_term_string"}}],"inLanguage":"fr-FR"},{"@type":"Organization","@id":"https:\/\/www.lasbardenas.com\/#organization","name":"Maisons Troglodytes de Bardenas","url":"https:\/\/www.lasbardenas.com\/","logo":{"@type":"ImageObject","inLanguage":"fr-FR","@id":"https:\/\/www.lasbardenas.com\/#\/schema\/logo\/image\/","url":"https:\/\/www.lasbardenas.com\/wp-content\/uploads\/cropped-cropped-ChatGPT-Image-25-mar-2026-17_53_53-1-e1774457788358.png","contentUrl":"https:\/\/www.lasbardenas.com\/wp-content\/uploads\/cropped-cropped-ChatGPT-Image-25-mar-2026-17_53_53-1-e1774457788358.png","width":300,"height":88,"caption":"Maisons Troglodytes de Bardenas"},"image":{"@id":"https:\/\/www.lasbardenas.com\/#\/schema\/logo\/image\/"},"sameAs":["https:\/\/www.facebook.com\/bardeneras","https:\/\/x.com\/lasbardenas","https:\/\/www.instagram.com\/cuevasruralesbardenas"]}]}},"_links":{"self":[{"href":"https:\/\/www.lasbardenas.com\/fr\/wp-json\/wp\/v2\/pages\/190","targetHints":{"allow":["GET"]}}],"collection":[{"href":"https:\/\/www.lasbardenas.com\/fr\/wp-json\/wp\/v2\/pages"}],"about":[{"href":"https:\/\/www.lasbardenas.com\/fr\/wp-json\/wp\/v2\/types\/page"}],"author":[{"embeddable":true,"href":"https:\/\/www.lasbardenas.com\/fr\/wp-json\/wp\/v2\/users\/1"}],"replies":[{"embeddable":true,"href":"https:\/\/www.lasbardenas.com\/fr\/wp-json\/wp\/v2\/comments?post=190"}],"version-history":[{"count":7,"href":"https:\/\/www.lasbardenas.com\/fr\/wp-json\/wp\/v2\/pages\/190\/revisions"}],"predecessor-version":[{"id":3807,"href":"https:\/\/www.lasbardenas.com\/fr\/wp-json\/wp\/v2\/pages\/190\/revisions\/3807"}],"up":[{"embeddable":true,"href":"https:\/\/www.lasbardenas.com\/fr\/wp-json\/wp\/v2\/pages\/188"}],"wp:featuredmedia":[{"embeddable":true,"href":"https:\/\/www.lasbardenas.com\/fr\/wp-json\/wp\/v2\/media\/545"}],"wp:attachment":[{"href":"https:\/\/www.lasbardenas.com\/fr\/wp-json\/wp\/v2\/media?parent=190"}],"curies":[{"name":"wp","href":"https:\/\/api.w.org\/{rel}","templated":true}]}}