{"id":3152,"date":"2023-03-03T12:25:12","date_gmt":"2023-03-03T11:25:12","guid":{"rendered":"https:\/\/www.lasbardenas.com\/fr\/?page_id=3152"},"modified":"2023-03-04T15:42:52","modified_gmt":"2023-03-04T14:42:52","slug":"sitemap","status":"publish","type":"page","link":"https:\/\/www.lasbardenas.com\/fr\/sitemap\/","title":{"rendered":"Sitemap"},"content":{"rendered":"<div class=\"companion-sitemap-block\"><section class=\"sitemap-column sitemap-column--pages\" aria-labelledby=\"sitemap-heading--pages\">\n\t\t\t<h3 id=\"sitemap-heading--pages\">Pages<\/h3>\n\t\t\t<ul class=\"sitemap-page-list\">\n\t\t\t\t<li class='sitemap-item sitemap-item--19'>\n\t\t\t<a href='https:\/\/www.lasbardenas.com\/fr\/'>Maisons Troglodytes des Bardenas \u2013 Vivez une Exp\u00e9rience Unique<\/a>\n\t\t<\/li><li class='sitemap-item sitemap-item--74'>\n\t\t\t<a href='https:\/\/www.lasbardenas.com\/fr\/alojamiento-bardenas\/'>Maisons Troglodytes des bardenas<\/a>\n\t\t<\/li><li class='sitemap-item sitemap-item--188'>\n\t\t\t<a href='https:\/\/www.lasbardenas.com\/fr\/tu-plan\/'>Votre plan<\/a>\n\t\t<\/li><li class='sitemap-item sitemap-item--197'>\n\t\t\t<a href='https:\/\/www.lasbardenas.com\/fr\/aventura\/'>Circuits Bardenas<\/a>\n\t\t<\/li><li class='sitemap-item sitemap-item--336'>\n\t\t\t<a href='https:\/\/www.lasbardenas.com\/fr\/entorno\/'>Environnement Bardenas<\/a>\n\t\t<\/li><li class='sitemap-item sitemap-item--566'>\n\t\t\t<a href='https:\/\/www.lasbardenas.com\/fr\/contacto\/'>Contact<\/a>\n\t\t<\/li><li class='sitemap-item sitemap-item--571'>\n\t\t\t<a href='https:\/\/www.lasbardenas.com\/fr\/mapa-de-localizacion-de-cuevas-de-bardenas\/'>Carte de localisation Maisons Troglodytes de Bardenas<\/a>\n\t\t<\/li><li class='sitemap-item sitemap-item--768'>\n\t\t\t<a href='https:\/\/www.lasbardenas.com\/fr\/reservas-alojamiento-bardenas\/'>Reservas<\/a>\n\t\t<\/li><li class='sitemap-item sitemap-item--771'>\n\t\t\t<a href='https:\/\/www.lasbardenas.com\/fr\/blog\/'>Blog<\/a>\n\t\t<\/li><li class='sitemap-item sitemap-item--906'>\n\t\t\t<a href='https:\/\/www.lasbardenas.com\/fr\/alojamiento-y-aventura-en-bardenas\/'>Excursions Tour 4&#215;4 Bardenas<\/a>\n\t\t<\/li><li class='sitemap-item sitemap-item--1323'>\n\t\t\t<a href='https:\/\/www.lasbardenas.com\/fr\/bono-regalo-bardenas\/'>Bon cadeau<\/a>\n\t\t<\/li><li class='sitemap-item sitemap-item--1484'>\n\t\t\t<a href='https:\/\/www.lasbardenas.com\/fr\/salon-bardenero\/'>Salon Bardenero<\/a>\n\t\t<\/li><li class='sitemap-item sitemap-item--1522'>\n\t\t\t<a href='https:\/\/www.lasbardenas.com\/fr\/promocion\/'>PROMOTION 2026<\/a>\n\t\t<\/li><li class='sitemap-item sitemap-item--1527'>\n\t\t\t<a href='https:\/\/www.lasbardenas.com\/fr\/hotel-bardenas\/'>CASA RURAL EN NAVARRA CON PISCINA PRIVADA<\/a>\n\t\t<\/li><li class='sitemap-item sitemap-item--1545'>\n\t\t\t<a href='https:\/\/www.lasbardenas.com\/fr\/circuito-bardenas-senderismo\/'>CIRCUIT BARDENAS RANDONNEE<\/a>\n\t\t<\/li><li class='sitemap-item sitemap-item--1859'>\n\t\t\t<a href='https:\/\/www.lasbardenas.com\/fr\/productoras-bardenas\/'>soci\u00e9t\u00e9s de production<\/a>\n\t\t<\/li><li class='sitemap-item sitemap-item--1907'>\n\t\t\t<a href='https:\/\/www.lasbardenas.com\/fr\/opinions-et-evaluation\/'>Opiniones<\/a>\n\t\t<\/li><li class='sitemap-item sitemap-item--1944'>\n\t\t\t<a href='https:\/\/www.lasbardenas.com\/fr\/informacion-para-el-viajero\/'>INFORMATIONS AUX VOYAGEURS &#8211; MAISONS TROGLODYTES DES BARDENAS<\/a>\n\t\t<\/li><li class='sitemap-item sitemap-item--2115'>\n\t\t\t<a href='https:\/\/www.lasbardenas.com\/fr\/videos\/'>videos<\/a>\n\t\t<\/li><li class='sitemap-item sitemap-item--2468'>\n\t\t\t<a href='https:\/\/www.lasbardenas.com\/fr\/somos-pet-firendly\/'>SOMOS PET FRIENDLY<\/a>\n\t\t<\/li><li class='sitemap-item sitemap-item--2591'>\n\t\t\t<a href='https:\/\/www.lasbardenas.com\/fr\/packs-para-grupos\/'>Groupes Maisons Troglodytes des Bardenas<\/a>\n\t\t<\/li><li class='sitemap-item sitemap-item--2603'>\n\t\t\t<a href='https:\/\/www.lasbardenas.com\/fr\/groupes\/'>GROUPES<\/a>\n\t\t<\/li><li class='sitemap-item sitemap-item--2718'>\n\t\t\t<a href='https:\/\/www.lasbardenas.com\/fr\/tu-plan-perfecto\/'>ENVIRONNEMENT<\/a>\n\t\t<\/li><li class='sitemap-item sitemap-item--2738'>\n\t\t\t<a href='https:\/\/www.lasbardenas.com\/fr\/cargador-de-coche-electrico\/'>Chargeur voiture \u00e9lectrique<\/a>\n\t\t<\/li><li class='sitemap-item sitemap-item--3152'>\n\t\t\t<a href='https:\/\/www.lasbardenas.com\/fr\/sitemap\/'>Sitemap<\/a>\n\t\t<\/li><li class='sitemap-item sitemap-item--3536'>\n\t\t\t<a href='https:\/\/www.lasbardenas.com\/fr\/opiniones\/'>AVIS<\/a>\n\t\t<\/li><li class='sitemap-item sitemap-item--3569'>\n\t\t\t<a href='https:\/\/www.lasbardenas.com\/fr\/actividades-bardenas-reales\/'>Activit\u00e9s Bardenas<\/a>\n\t\t<\/li><li class='sitemap-item sitemap-item--3613'>\n\t\t\t<a href='https:\/\/www.lasbardenas.com\/fr\/reserve-ahora\/'>R\u00e9servations<\/a>\n\t\t<\/li><li class='sitemap-item sitemap-item--3621'>\n\t\t\t<a href='https:\/\/www.lasbardenas.com\/fr\/confirmacion-de-reserva\/'>Confirmaci\u00f3n de reserva<\/a>\n\t\t<\/li><li class='sitemap-item sitemap-item--3709'>\n\t\t\t<a href='https:\/\/www.lasbardenas.com\/fr\/oferta-ciclistas-y-senderistas\/'>Offre Cyclistes et Randonneurs<\/a>\n\t\t<\/li><li class='sitemap-item sitemap-item--3751'>\n\t\t\t<a href='https:\/\/www.lasbardenas.com\/fr\/quienes-somos\/'>Quienes Somos<\/a>\n\t\t<\/li><li class='sitemap-item sitemap-item--3986'>\n\t\t\t<a href='https:\/\/www.lasbardenas.com\/fr\/hotelbardenas\/'>Hotel Bardenas<\/a>\n\t\t<\/li><li class='sitemap-item sitemap-item--3989'>\n\t\t\t<a href='https:\/\/www.lasbardenas.com\/fr\/hotel-arguedas\/'>Hotel Arguedas<\/a>\n\t\t<\/li><li class='sitemap-item sitemap-item--3991'>\n\t\t\t<a href='https:\/\/www.lasbardenas.com\/fr\/dormir-en-bardenas\/'>Dormir en Bardenas<\/a>\n\t\t<\/li>\n\t\t\t<\/ul>\n\t\t<\/section><section class=\"sitemap-column sitemap-column--galleries\" aria-labelledby=\"sitemap-heading--galleries\">\n\t\t\t<h3 id=\"sitemap-heading--galleries\">Galleries<\/h3>\n\t\t\t<ul class=\"sitemap-page-list\">\n\t\t\t\t<li class='sitemap-item sitemap-item--27'>\n\t\t\t<a href='https:\/\/www.lasbardenas.com\/fr\/blog\/bwg_gallery\/las-bardenas\/'>Las bardenas<\/a>\n\t\t<\/li><li class='sitemap-item sitemap-item--223'>\n\t\t\t<a href='https:\/\/www.lasbardenas.com\/fr\/blog\/bwg_gallery\/cueva-alcaravan\/'>Cueva Alcarav\u00e1n<\/a>\n\t\t<\/li><li class='sitemap-item sitemap-item--257'>\n\t\t\t<a href='https:\/\/www.lasbardenas.com\/fr\/blog\/bwg_gallery\/cueva-la-alondra\/'>Cueva La Alondra<\/a>\n\t\t<\/li><li class='sitemap-item sitemap-item--258'>\n\t\t\t<a href='https:\/\/www.lasbardenas.com\/fr\/blog\/bwg_gallery\/cueva-suite-pasion-bardenera\/'>Cueva La Tortola<\/a>\n\t\t<\/li><li class='sitemap-item sitemap-item--259'>\n\t\t\t<a href='https:\/\/www.lasbardenas.com\/fr\/blog\/bwg_gallery\/cueva-la-perdiz\/'>Cueva La Perd\u00edz<\/a>\n\t\t<\/li><li class='sitemap-item sitemap-item--260'>\n\t\t\t<a href='https:\/\/www.lasbardenas.com\/fr\/blog\/bwg_gallery\/cueva-el-cobachon\/'>Cueva El Cobach\u00f3n<\/a>\n\t\t<\/li><li class='sitemap-item sitemap-item--261'>\n\t\t\t<a href='https:\/\/www.lasbardenas.com\/fr\/blog\/bwg_gallery\/el-alimoche\/'>Cueva El alimoche<\/a>\n\t\t<\/li><li class='sitemap-item sitemap-item--262'>\n\t\t\t<a href='https:\/\/www.lasbardenas.com\/fr\/blog\/bwg_gallery\/cueva-el-palomar\/'>Cueva El Palomar<\/a>\n\t\t<\/li><li class='sitemap-item sitemap-item--263'>\n\t\t\t<a href='https:\/\/www.lasbardenas.com\/fr\/blog\/bwg_gallery\/cueva-el-mochuelo\/'>Cueva El Mochuelo<\/a>\n\t\t<\/li><li class='sitemap-item sitemap-item--264'>\n\t\t\t<a href='https:\/\/www.lasbardenas.com\/fr\/blog\/bwg_gallery\/cueva-la-calandria\/'>Cueva La Calandria<\/a>\n\t\t<\/li><li class='sitemap-item sitemap-item--265'>\n\t\t\t<a href='https:\/\/www.lasbardenas.com\/fr\/blog\/bwg_gallery\/casa-rural-bardenas\/'>Casa Rural Bardenas<\/a>\n\t\t<\/li><li class='sitemap-item sitemap-item--758'>\n\t\t\t<a href='https:\/\/www.lasbardenas.com\/fr\/blog\/bwg_gallery\/bar-cueva\/'>Bar cueva<\/a>\n\t\t<\/li><li class='sitemap-item sitemap-item--763'>\n\t\t\t<a href='https:\/\/www.lasbardenas.com\/fr\/blog\/bwg_gallery\/senderismo-en-bardenas\/'>Senderismo en Bardenas<\/a>\n\t\t<\/li><li class='sitemap-item sitemap-item--1624'>\n\t\t\t<a href='https:\/\/www.lasbardenas.com\/fr\/blog\/bwg_gallery\/circuito-bardenas\/'>Circuito Bardenas<\/a>\n\t\t<\/li><li class='sitemap-item sitemap-item--1636'>\n\t\t\t<a href='https:\/\/www.lasbardenas.com\/fr\/blog\/bwg_gallery\/inicio\/'>INICIO<\/a>\n\t\t<\/li><li class='sitemap-item sitemap-item--1659'>\n\t\t\t<a href='https:\/\/www.lasbardenas.com\/fr\/blog\/bwg_gallery\/bono-regalo\/'>bono regalo<\/a>\n\t\t<\/li><li class='sitemap-item sitemap-item--1700'>\n\t\t\t<a href='https:\/\/www.lasbardenas.com\/fr\/blog\/bwg_gallery\/hostal-valtierra-oasis-de-bardenas\/'>Oasis de Bardenas<\/a>\n\t\t<\/li><li class='sitemap-item sitemap-item--3403'>\n\t\t\t<a href='https:\/\/www.lasbardenas.com\/fr\/blog\/bwg_gallery\/4x4\/'>4&#215;4<\/a>\n\t\t<\/li>\n\t\t\t<\/ul>\n\t\t<\/section> <section class=\"sitemap-column sitemap-column--catgories\" aria-labelledby=\"sitemap-heading--catgories\">\n\t\t\t<h3 id=\"sitemap-heading--catgories\">Cat\u00e9gories<\/h3>\n\t\t\t<ul class=\"sitemap-page-list\">\n\t\t\t\t<li class='sitemap-item sitemap-item--1'>\n\t\t\t<a href='https:\/\/www.lasbardenas.com\/fr\/blog\/category\/blog\/'>Blog<\/a>\n\t\t<\/li>\n\t\t\t<\/ul>\n\t\t<\/section> <\/div>\n","protected":false},"excerpt":{"rendered":"","protected":false},"author":2,"featured_media":0,"parent":0,"menu_order":0,"comment_status":"closed","ping_status":"closed","template":"","meta":{"_acf_changed":false,"footnotes":""},"class_list":["post-3152","page","type-page","status-publish","hentry"],"acf":[],"yoast_head":"<!-- This site is optimized with the Yoast SEO plugin v27.5 - https:\/\/yoast.com\/product\/yoast-seo-wordpress\/ -->\n<title>Sitemap<\/title>\n<meta name=\"description\" content=\"Explorez la carte du site en fran\u00e7ais de Las Bardenas Reales pour une aventure unique dans le d\u00e9sert remplie de merveilles naturelles et d&#039;activit\u00e9s plein air.\" \/>\n<meta name=\"robots\" content=\"index, follow, max-snippet:-1, max-image-preview:large, max-video-preview:-1\" \/>\n<link rel=\"canonical\" href=\"https:\/\/www.lasbardenas.com\/fr\/wp-json\/wp\/v2\/pages\/3152\" \/>\n<meta property=\"og:locale\" content=\"fr_FR\" \/>\n<meta property=\"og:locale:alternate\" content=\"es_ES\" \/>\n<meta property=\"og:locale:alternate\" content=\"en_US\" \/>\n<meta property=\"og:type\" content=\"article\" \/>\n<meta property=\"og:title\" content=\"Sitemap\" \/>\n<meta property=\"og:description\" content=\"Explore las diversas ofertas del Parque Natural de Las Bardenas Reales con nuestro mapa del sitio. \u00a1Planifique su viaje inolvidable hoy mismo!\" \/>\n<meta property=\"og:url\" content=\"https:\/\/www.lasbardenas.com\/fr\/sitemap\/\" \/>\n<meta property=\"og:site_name\" content=\"Maisons Troglodytes de Bardenas\" \/>\n<meta property=\"article:publisher\" content=\"https:\/\/www.facebook.com\/bardeneras\" \/>\n<meta property=\"article:modified_time\" content=\"2023-03-04T14:42:52+00:00\" \/>\n<meta property=\"og:image\" content=\"https:\/\/www.lasbardenas.com\/wp-content\/uploads\/cueva-el-mochuelo.jpg\" \/>\n\t<meta property=\"og:image:width\" content=\"1280\" \/>\n\t<meta property=\"og:image:height\" content=\"854\" \/>\n\t<meta property=\"og:image:type\" content=\"image\/jpeg\" \/>\n<meta name=\"twitter:card\" content=\"summary_large_image\" \/>\n<meta name=\"twitter:site\" content=\"@lasbardenas\" \/>\n<meta name=\"twitter:label1\" content=\"Dur\u00e9e de lecture estim\u00e9e\" \/>\n\t<meta name=\"twitter:data1\" content=\"1 minute\" \/>\n<script type=\"application\/ld+json\" class=\"yoast-schema-graph\">{\"@context\":\"https:\\\/\\\/schema.org\",\"@graph\":[{\"@type\":\"WebPage\",\"@id\":\"https:\\\/\\\/www.lasbardenas.com\\\/es\\\/sitemap\\\/\",\"url\":\"https:\\\/\\\/www.lasbardenas.com\\\/es\\\/sitemap\\\/\",\"name\":\"Sitemap\",\"isPartOf\":{\"@id\":\"https:\\\/\\\/www.lasbardenas.com\\\/#website\"},\"datePublished\":\"2023-03-03T11:25:12+00:00\",\"dateModified\":\"2023-03-04T14:42:52+00:00\",\"description\":\"Explore las diversas ofertas del Parque Natural de Las Bardenas Reales con nuestro mapa del sitio. \u00a1Planifique su viaje inolvidable hoy mismo!\",\"breadcrumb\":{\"@id\":\"https:\\\/\\\/www.lasbardenas.com\\\/es\\\/sitemap\\\/#breadcrumb\"},\"inLanguage\":\"fr-FR\",\"potentialAction\":[{\"@type\":\"ReadAction\",\"target\":[\"https:\\\/\\\/www.lasbardenas.com\\\/es\\\/sitemap\\\/\"]}]},{\"@type\":\"BreadcrumbList\",\"@id\":\"https:\\\/\\\/www.lasbardenas.com\\\/es\\\/sitemap\\\/#breadcrumb\",\"itemListElement\":[{\"@type\":\"ListItem\",\"position\":1,\"name\":\"Inicio\",\"item\":\"https:\\\/\\\/www.lasbardenas.com\\\/es\\\/\"},{\"@type\":\"ListItem\",\"position\":2,\"name\":\"Mapa Del Sitio\"}]},{\"@type\":\"WebSite\",\"@id\":\"https:\\\/\\\/www.lasbardenas.com\\\/#website\",\"url\":\"https:\\\/\\\/www.lasbardenas.com\\\/\",\"name\":\"Maisons Troglodytes de Bardenas\",\"description\":\"Maisons Troglodytes \u00e0 Louer\",\"publisher\":{\"@id\":\"https:\\\/\\\/www.lasbardenas.com\\\/#organization\"},\"potentialAction\":[{\"@type\":\"SearchAction\",\"target\":{\"@type\":\"EntryPoint\",\"urlTemplate\":\"https:\\\/\\\/www.lasbardenas.com\\\/?s={search_term_string}\"},\"query-input\":{\"@type\":\"PropertyValueSpecification\",\"valueRequired\":true,\"valueName\":\"search_term_string\"}}],\"inLanguage\":\"fr-FR\"},{\"@type\":\"Organization\",\"@id\":\"https:\\\/\\\/www.lasbardenas.com\\\/#organization\",\"name\":\"Maisons Troglodytes de Bardenas\",\"url\":\"https:\\\/\\\/www.lasbardenas.com\\\/\",\"logo\":{\"@type\":\"ImageObject\",\"inLanguage\":\"fr-FR\",\"@id\":\"https:\\\/\\\/www.lasbardenas.com\\\/#\\\/schema\\\/logo\\\/image\\\/\",\"url\":\"https:\\\/\\\/www.lasbardenas.com\\\/wp-content\\\/uploads\\\/cropped-cropped-ChatGPT-Image-25-mar-2026-17_53_53-1-e1774457788358.png\",\"contentUrl\":\"https:\\\/\\\/www.lasbardenas.com\\\/wp-content\\\/uploads\\\/cropped-cropped-ChatGPT-Image-25-mar-2026-17_53_53-1-e1774457788358.png\",\"width\":300,\"height\":88,\"caption\":\"Maisons Troglodytes de Bardenas\"},\"image\":{\"@id\":\"https:\\\/\\\/www.lasbardenas.com\\\/#\\\/schema\\\/logo\\\/image\\\/\"},\"sameAs\":[\"https:\\\/\\\/www.facebook.com\\\/bardeneras\",\"https:\\\/\\\/x.com\\\/lasbardenas\",\"https:\\\/\\\/www.instagram.com\\\/cuevasruralesbardenas\"]}]}<\/script>\n<!-- \/ Yoast SEO plugin. -->","yoast_head_json":{"title":"Sitemap","description":"Explorez la carte du site en fran\u00e7ais de Las Bardenas Reales pour une aventure unique dans le d\u00e9sert remplie de merveilles naturelles et d'activit\u00e9s plein air.","robots":{"index":"index","follow":"follow","max-snippet":"max-snippet:-1","max-image-preview":"max-image-preview:large","max-video-preview":"max-video-preview:-1"},"canonical":"https:\/\/www.lasbardenas.com\/fr\/wp-json\/wp\/v2\/pages\/3152","og_locale":"fr_FR","og_type":"article","og_title":"[:es]Mapa Del Sitio[:en]Sitemap[:fr]Sitemap[:] - Cuevas de Bardenas","og_description":"Explore las diversas ofertas del Parque Natural de Las Bardenas Reales con nuestro mapa del sitio. \u00a1Planifique su viaje inolvidable hoy mismo!","og_url":"https:\/\/www.lasbardenas.com\/fr\/sitemap\/","og_site_name":"Maisons Troglodytes de Bardenas","article_publisher":"https:\/\/www.facebook.com\/bardeneras","article_modified_time":"2023-03-04T14:42:52+00:00","og_image":[{"width":1280,"height":854,"url":"https:\/\/www.lasbardenas.com\/wp-content\/uploads\/cueva-el-mochuelo.jpg","type":"image\/jpeg"}],"twitter_card":"summary_large_image","twitter_site":"@lasbardenas","twitter_misc":{"Dur\u00e9e de lecture estim\u00e9e":"1 minute"},"schema":{"@context":"https:\/\/schema.org","@graph":[{"@type":"WebPage","@id":"https:\/\/www.lasbardenas.com\/es\/sitemap\/","url":"https:\/\/www.lasbardenas.com\/es\/sitemap\/","name":"Sitemap","isPartOf":{"@id":"https:\/\/www.lasbardenas.com\/#website"},"datePublished":"2023-03-03T11:25:12+00:00","dateModified":"2023-03-04T14:42:52+00:00","description":"Explore las diversas ofertas del Parque Natural de Las Bardenas Reales con nuestro mapa del sitio. \u00a1Planifique su viaje inolvidable hoy mismo!","breadcrumb":{"@id":"https:\/\/www.lasbardenas.com\/es\/sitemap\/#breadcrumb"},"inLanguage":"fr-FR","potentialAction":[{"@type":"ReadAction","target":["https:\/\/www.lasbardenas.com\/es\/sitemap\/"]}]},{"@type":"BreadcrumbList","@id":"https:\/\/www.lasbardenas.com\/es\/sitemap\/#breadcrumb","itemListElement":[{"@type":"ListItem","position":1,"name":"Inicio","item":"https:\/\/www.lasbardenas.com\/es\/"},{"@type":"ListItem","position":2,"name":"Mapa Del Sitio"}]},{"@type":"WebSite","@id":"https:\/\/www.lasbardenas.com\/#website","url":"https:\/\/www.lasbardenas.com\/","name":"Maisons Troglodytes de Bardenas","description":"Maisons Troglodytes \u00e0 Louer","publisher":{"@id":"https:\/\/www.lasbardenas.com\/#organization"},"potentialAction":[{"@type":"SearchAction","target":{"@type":"EntryPoint","urlTemplate":"https:\/\/www.lasbardenas.com\/?s={search_term_string}"},"query-input":{"@type":"PropertyValueSpecification","valueRequired":true,"valueName":"search_term_string"}}],"inLanguage":"fr-FR"},{"@type":"Organization","@id":"https:\/\/www.lasbardenas.com\/#organization","name":"Maisons Troglodytes de Bardenas","url":"https:\/\/www.lasbardenas.com\/","logo":{"@type":"ImageObject","inLanguage":"fr-FR","@id":"https:\/\/www.lasbardenas.com\/#\/schema\/logo\/image\/","url":"https:\/\/www.lasbardenas.com\/wp-content\/uploads\/cropped-cropped-ChatGPT-Image-25-mar-2026-17_53_53-1-e1774457788358.png","contentUrl":"https:\/\/www.lasbardenas.com\/wp-content\/uploads\/cropped-cropped-ChatGPT-Image-25-mar-2026-17_53_53-1-e1774457788358.png","width":300,"height":88,"caption":"Maisons Troglodytes de Bardenas"},"image":{"@id":"https:\/\/www.lasbardenas.com\/#\/schema\/logo\/image\/"},"sameAs":["https:\/\/www.facebook.com\/bardeneras","https:\/\/x.com\/lasbardenas","https:\/\/www.instagram.com\/cuevasruralesbardenas"]}]}},"_links":{"self":[{"href":"https:\/\/www.lasbardenas.com\/fr\/wp-json\/wp\/v2\/pages\/3152","targetHints":{"allow":["GET"]}}],"collection":[{"href":"https:\/\/www.lasbardenas.com\/fr\/wp-json\/wp\/v2\/pages"}],"about":[{"href":"https:\/\/www.lasbardenas.com\/fr\/wp-json\/wp\/v2\/types\/page"}],"author":[{"embeddable":true,"href":"https:\/\/www.lasbardenas.com\/fr\/wp-json\/wp\/v2\/users\/2"}],"replies":[{"embeddable":true,"href":"https:\/\/www.lasbardenas.com\/fr\/wp-json\/wp\/v2\/comments?post=3152"}],"version-history":[{"count":0,"href":"https:\/\/www.lasbardenas.com\/fr\/wp-json\/wp\/v2\/pages\/3152\/revisions"}],"wp:attachment":[{"href":"https:\/\/www.lasbardenas.com\/fr\/wp-json\/wp\/v2\/media?parent=3152"}],"curies":[{"name":"wp","href":"https:\/\/api.w.org\/{rel}","templated":true}]}}